{"id":491,"date":"2024-03-07T09:38:05","date_gmt":"2024-03-07T09:38:05","guid":{"rendered":"https:\/\/camprubijardins.com\/?page_id=491"},"modified":"2025-07-02T11:00:49","modified_gmt":"2025-07-02T09:00:49","slug":"politica-de-privacidad","status":"publish","type":"page","link":"https:\/\/camprubijardins.com\/ca\/politica-de-privacidad\/","title":{"rendered":"Pol\u00edtica de privacitat"},"content":{"rendered":"<div data-elementor-type=\"wp-page\" data-elementor-id=\"491\" class=\"elementor elementor-491\" data-elementor-post-type=\"page\">\n\t\t\t\t<div class=\"elementor-element elementor-element-be195 e-con-full e-flex elementor-invisible e-con e-parent\" data-id=\"be195\" data-element_type=\"container\" data-settings=\"{&quot;background_background&quot;:&quot;classic&quot;,&quot;animation&quot;:&quot;fadeIn&quot;}\">\n\t\t\t\t<div class=\"elementor-element elementor-element-4c06dd93 elementor-widget elementor-widget-heading\" data-id=\"4c06dd93\" data-element_type=\"widget\" data-widget_type=\"heading.default\">\n\t\t\t\t<div class=\"elementor-widget-container\">\n\t\t\t\t\t<h1 class=\"elementor-heading-title elementor-size-default\">Pol\u00edtica de privacitat<\/h1>\t\t\t\t<\/div>\n\t\t\t\t<\/div>\n\t\t\t\t<\/div>\n\t\t<div class=\"elementor-element elementor-element-e00850 e-flex e-con-boxed e-con e-parent\" data-id=\"e00850\" data-element_type=\"container\">\n\t\t\t\t\t<div class=\"e-con-inner\">\n\t\t\t\t<div class=\"elementor-element elementor-element-5a0fffc8 elementor-widget elementor-widget-heading\" data-id=\"5a0fffc8\" data-element_type=\"widget\" data-widget_type=\"heading.default\">\n\t\t\t\t<div class=\"elementor-widget-container\">\n\t\t\t\t\t<h2 class=\"elementor-heading-title elementor-size-default\">1.- INFORMACI\u00d3N AL USUARIO<\/h2>\t\t\t\t<\/div>\n\t\t\t\t<\/div>\n\t\t\t\t<div class=\"elementor-element elementor-element-2e7d57fd elementor-widget elementor-widget-text-editor\" data-id=\"2e7d57fd\" data-element_type=\"widget\" data-widget_type=\"text-editor.default\">\n\t\t\t\t<div class=\"elementor-widget-container\">\n\t\t\t\t\t\t\t\t\t<p>El sitio web informa a los usuarios del sitio web sobre su pol\u00edtica respecto al tratamiento y protecci\u00f3n de los datos de car\u00e1cter personal de los usuarios y clientes que puedan ser solicitados por la navegaci\u00f3n a trav\u00e9s de su sitio web.<\/p>\n<p>El sitio web es el Responsable del tratamiento de los datos personales del usuario, por lo que se le facilita la siguiente informaci\u00f3n referente al tratamiento de sus datos:<\/p>\n<p><strong>Criterios de conservaci\u00f3n de los datos<\/strong>&nbsp;: Los datos personales proporcionados se conservar\u00e1n hasta que no se solicite la suspensi\u00f3n por parte del interesado, ejerciendo sus derechos sobre los datos, y en cualquier caso en cumplimiento de plazos legales de prescripci\u00f3n que le sean aplicables.<\/p>\n<p><strong>Derechos de los interesados<\/strong>&nbsp;:<\/p>\n<ul>\n<li>Derecho a retirar su consentimiento en cualquier momento.<\/li>\n<li>Derecho de acceso, rectificaci\u00f3n, supresi\u00f3n, portabilidad de sus datos ya la limitaci\u00f3n u oposici\u00f3n de su tratamiento, as\u00ed como no ser objeto de decisiones individuales automatizadas.<\/li>\n<\/ul>\n<p><strong>Datos de contacto para ejercer sus derechos<\/strong>&nbsp;:<\/p>\n<p>Se debe identificar debidamente y solicitar claramente el derecho de ejercer.<\/p>\n<ul>\n<li>Web: <a href=\"https:\/\/camprubijardins.com\/ca\/\">camprubijardins.com<\/a><\/li>\n<li>Nombre: CAMP-RUB\u00cd JARDINS, SL<\/li>\n<li>Direcci\u00f3n: &nbsp;Avinguda de Generalitat, 145, 1<br>CP y Poblaci\u00f3n: 08840 Viladecans (Barcelona)<\/li>\n<li>Tel\u00e9fono:&nbsp;<a href=\"tel:34936620883\">936 62 08 83<\/a>&nbsp;\/&nbsp;<a href=\"tel:34679772127\">679 77 21 27<\/a><\/li>\n<li>Mail: &nbsp;<a href=\"mailto:viverscamprubi@gmail.com\">viverscamprubi@gmail.com<\/a><\/li>\n<\/ul>\t\t\t\t\t\t\t\t<\/div>\n\t\t\t\t<\/div>\n\t\t\t\t\t<\/div>\n\t\t\t\t<\/div>\n\t\t<div class=\"elementor-element elementor-element-9cf4e3b e-flex e-con-boxed e-con e-parent\" data-id=\"9cf4e3b\" data-element_type=\"container\">\n\t\t\t\t\t<div class=\"e-con-inner\">\n\t\t\t\t<div class=\"elementor-element elementor-element-3bb7b21b elementor-widget elementor-widget-heading\" data-id=\"3bb7b21b\" data-element_type=\"widget\" data-widget_type=\"heading.default\">\n\t\t\t\t<div class=\"elementor-widget-container\">\n\t\t\t\t\t<h2 class=\"elementor-heading-title elementor-size-default\">2.- INFORMACI\u00d3N FACILITADA POR EL USUARIO\n<\/h2>\t\t\t\t<\/div>\n\t\t\t\t<\/div>\n\t\t\t\t<div class=\"elementor-element elementor-element-2c4768eb elementor-widget elementor-widget-text-editor\" data-id=\"2c4768eb\" data-element_type=\"widget\" data-widget_type=\"text-editor.default\">\n\t\t\t\t<div class=\"elementor-widget-container\">\n\t\t\t\t\t\t\t\t\t<p>Si es menor de 18 a\u00f1os no est\u00e1 permitido el uso de formularios en nuestra web.<\/p><p>Los Usuarios, introduciendo sus datos en los formularios de contacto o presentados en formularios de descarga, aceptan expresamente y de forma libre e inequ\u00edvoca, que sus datos son necesarios para atender su petici\u00f3n, por parte del Responsable, siendo voluntaria la inclusi\u00f3n de datos en los campos restantes.<\/p><p>El Usuario garantiza que los datos personales facilitados son veraces y se hace responsable de comunicar cualquier modificaci\u00f3n.<\/p><p>Todos los datos solicitados a trav\u00e9s del sitio web son necesarios para prestar un servicio \u00f3ptimo al Usuario.\u00a0En caso de que no sean facilitados todos los datos, no se garantiza que la informaci\u00f3n y servicios que El Responsable le facilite, sean completamente ajustados a sus necesidades.<\/p>\t\t\t\t\t\t\t\t<\/div>\n\t\t\t\t<\/div>\n\t\t\t\t\t<\/div>\n\t\t\t\t<\/div>\n\t\t<div class=\"elementor-element elementor-element-542d42ed e-flex e-con-boxed e-con e-parent\" data-id=\"542d42ed\" data-element_type=\"container\">\n\t\t\t\t\t<div class=\"e-con-inner\">\n\t\t\t\t<div class=\"elementor-element elementor-element-7409bf0f elementor-widget elementor-widget-heading\" data-id=\"7409bf0f\" data-element_type=\"widget\" data-widget_type=\"heading.default\">\n\t\t\t\t<div class=\"elementor-widget-container\">\n\t\t\t\t\t<h2 class=\"elementor-heading-title elementor-size-default\">3.- MEDIDAS DE SEGURIDAD\n<\/h2>\t\t\t\t<\/div>\n\t\t\t\t<\/div>\n\t\t\t\t<div class=\"elementor-element elementor-element-503bfcd9 elementor-widget elementor-widget-text-editor\" data-id=\"503bfcd9\" data-element_type=\"widget\" data-widget_type=\"text-editor.default\">\n\t\t\t\t<div class=\"elementor-widget-container\">\n\t\t\t\t\t\t\t\t\t<p>Que de conformidad con lo que disponen las normativas vigentes en materia de protecci\u00f3n de datos personales, El Responsable est\u00e1 cumpliendo con todas las disposiciones de las normativas RGPD y LOPD para el tratamiento de los datos personales de su responsabilidad, las cuales son tratadas de forma l\u00edcita, leal y transparente en relaci\u00f3n con el interesado y adecuados, pertinentes y limitados a lo necesario en relaci\u00f3n con los fines para los que son tratados.<\/p><p>El Responsable garantiza que ha implementado pol\u00edticas t\u00e9cnicas y organizativas apropiadas para aplicar las medidas de seguridad que establecen el RGPD y la LOPD para proteger los derechos y libertades de los Usuarios y les ha comunicado la informaci\u00f3n adecuada para que puedan ejercerlos.<\/p>\t\t\t\t\t\t\t\t<\/div>\n\t\t\t\t<\/div>\n\t\t\t\t\t<\/div>\n\t\t\t\t<\/div>\n\t\t<div class=\"elementor-element elementor-element-630ed50e e-flex e-con-boxed e-con e-parent\" data-id=\"630ed50e\" data-element_type=\"container\">\n\t\t\t\t\t<div class=\"e-con-inner\">\n\t\t\t\t<div class=\"elementor-element elementor-element-2ba7aec3 elementor-widget elementor-widget-heading\" data-id=\"2ba7aec3\" data-element_type=\"widget\" data-widget_type=\"heading.default\">\n\t\t\t\t<div class=\"elementor-widget-container\">\n\t\t\t\t\t<h2 class=\"elementor-heading-title elementor-size-default\">4.- BRECHAS DE SEGURIDAD<\/h2>\t\t\t\t<\/div>\n\t\t\t\t<\/div>\n\t\t\t\t<div class=\"elementor-element elementor-element-578031c1 elementor-widget elementor-widget-text-editor\" data-id=\"578031c1\" data-element_type=\"widget\" data-widget_type=\"text-editor.default\">\n\t\t\t\t<div class=\"elementor-widget-container\">\n\t\t\t\t\t\t\t\t\t<p>El Responsable informar\u00e1 sobre cualquier brecha de seguridad que afecte a la base de datos que utiliza este sitio web, o que afecte a cualquiera de nuestros servicios de terceros, todas y cada una de las personas, datos de los que puedan haber sido afectados, y autoridades, dentro de las 72 horas siguientes a la detecci\u00f3n de la brecha.<\/p>\t\t\t\t\t\t\t\t<\/div>\n\t\t\t\t<\/div>\n\t\t\t\t\t<\/div>\n\t\t\t\t<\/div>\n\t\t<div class=\"elementor-element elementor-element-719b11e e-flex e-con-boxed e-con e-parent\" data-id=\"719b11e\" data-element_type=\"container\">\n\t\t\t\t\t<div class=\"e-con-inner\">\n\t\t\t\t<div class=\"elementor-element elementor-element-17271e59 elementor-widget elementor-widget-heading\" data-id=\"17271e59\" data-element_type=\"widget\" data-widget_type=\"heading.default\">\n\t\t\t\t<div class=\"elementor-widget-container\">\n\t\t\t\t\t<h2 class=\"elementor-heading-title elementor-size-default\">LEGISLACI\u00d3N APLICABLE Y JURISDICCI\u00d3N\n<\/h2>\t\t\t\t<\/div>\n\t\t\t\t<\/div>\n\t\t\t\t<div class=\"elementor-element elementor-element-294fd597 elementor-widget elementor-widget-text-editor\" data-id=\"294fd597\" data-element_type=\"widget\" data-widget_type=\"text-editor.default\">\n\t\t\t\t<div class=\"elementor-widget-container\">\n\t\t\t\t\t\t\t\t\t<div id=\"inner-wrap\" class=\"wrap hfeed kt-clear\"><div id=\"primary\" class=\"content-area\"><div class=\"content-container site-container\"><main id=\"main\" class=\"site-main\" role=\"main\"><div class=\"content-wrap\"><article id=\"post-239\" class=\"entry content-bg single-entry post-239 page type-page status-publish hentry\"><div class=\"entry-content-wrap\"><div class=\"entry-content single-content\"><p>Para la resoluci\u00f3n de todas las controversias o cuestiones relacionadas con el presente sitio web o de las actividades que se desarrollen, ser\u00e1 de aplicaci\u00f3n la legislaci\u00f3n espa\u00f1ola, a la que se someten expresamente las partes, siendo competentes para la resoluci\u00f3n de todos los conflictos derivados o relacionados con el uso de los Juzgados y Tribunales de Barcelona.<\/p><\/div><\/div><\/article><\/div><\/main><\/div><\/div><\/div><footer id=\"colophon\" class=\"site-footer\" role=\"contentinfo\"><div class=\"site-footer-wrap\"><div class=\"site-middle-footer-wrap site-footer-row-container site-footer-focus-item site-footer-row-layout-standard site-footer-row-tablet-layout-default site-footer-row-mobile-layout-default\" data-section=\"kadence_customizer_footer_middle\"><div class=\"site-footer-row-container-inner\"><div class=\"site-container\"><div class=\"site-middle-footer-inner-wrap site-footer-row site-footer-row-columns-4 site-footer-row-column-layout-equal site-footer-row-tablet-column-layout-two-grid site-footer-row-mobile-column-layout-row ft-ro-dir-row ft-ro-collapse-normal ft-ro-t-dir-default ft-ro-m-dir-default ft-ro-lstyle-plain\"><div class=\"site-footer-middle-section-1 site-footer-section footer-section-inner-items-1\"><div class=\"footer-widget-area widget-area site-footer-focus-item footer-widget1 content-align-left content-tablet-align-center content-mobile-align-default content-valign-top content-tablet-valign-default content-mobile-valign-default\" data-section=\"sidebar-widgets-footer1\"><div class=\"footer-widget-area-inner site-info-inner\">\u00a0<\/div><\/div><\/div><\/div><\/div><\/div><\/div><\/div><\/footer>\t\t\t\t\t\t\t\t<\/div>\n\t\t\t\t<\/div>\n\t\t\t\t\t<\/div>\n\t\t\t\t<\/div>\n\t\t\t\t<\/div>","protected":false},"excerpt":{"rendered":"<p>Pol\u00edtica de privacidad 1.- INFORMACI\u00d3N AL USUARIO El sitio web informa a los usuarios del sitio web sobre su pol\u00edtica respecto al tratamiento y protecci\u00f3n de los datos de car\u00e1cter personal de los usuarios y clientes que puedan ser solicitados por la navegaci\u00f3n a trav\u00e9s de su sitio web. El sitio web es el Responsable [&hellip;]<\/p>","protected":false},"author":1,"featured_media":0,"parent":0,"menu_order":0,"comment_status":"closed","ping_status":"closed","template":"elementor_header_footer","meta":{"footnotes":""},"class_list":["post-491","page","type-page","status-publish","hentry"],"yoast_head":"<!-- This site is optimized with the Yoast SEO plugin v25.1 - https:\/\/yoast.com\/wordpress\/plugins\/seo\/ -->\n<title>Pol\u00edtica de privacidad - Vivers Camp-Rub\u00ed<\/title>\n<meta name=\"robots\" content=\"index, follow, max-snippet:-1, max-image-preview:large, max-video-preview:-1\" \/>\n<link rel=\"canonical\" href=\"https:\/\/camprubijardins.com\/ca\/politica-de-privacidad\/\" \/>\n<meta property=\"og:locale\" content=\"ca_ES\" \/>\n<meta property=\"og:type\" content=\"article\" \/>\n<meta property=\"og:title\" content=\"Pol\u00edtica de privacidad - Vivers Camp-Rub\u00ed\" \/>\n<meta property=\"og:description\" content=\"Pol\u00edtica de privacidad 1.- INFORMACI\u00d3N AL USUARIO El sitio web informa a los usuarios del sitio web sobre su pol\u00edtica respecto al tratamiento y protecci\u00f3n de los datos de car\u00e1cter personal de los usuarios y clientes que puedan ser solicitados por la navegaci\u00f3n a trav\u00e9s de su sitio web. El sitio web es el Responsable [&hellip;]\" \/>\n<meta property=\"og:url\" content=\"https:\/\/camprubijardins.com\/ca\/politica-de-privacidad\/\" \/>\n<meta property=\"og:site_name\" content=\"Vivers Camp-Rub\u00ed\" \/>\n<meta property=\"article:modified_time\" content=\"2025-07-02T09:00:49+00:00\" \/>\n<meta name=\"twitter:card\" content=\"summary_large_image\" \/>\n<meta name=\"twitter:label1\" content=\"Temps estimat de lectura\" \/>\n\t<meta name=\"twitter:data1\" content=\"3 minuts\" \/>\n<script type=\"application\/ld+json\" class=\"yoast-schema-graph\">{\"@context\":\"https:\/\/schema.org\",\"@graph\":[{\"@type\":\"WebPage\",\"@id\":\"https:\/\/camprubijardins.com\/politica-de-privacidad\/\",\"url\":\"https:\/\/camprubijardins.com\/politica-de-privacidad\/\",\"name\":\"Pol\u00edtica de privacidad - Vivers Camp-Rub\u00ed\",\"isPartOf\":{\"@id\":\"https:\/\/camprubijardins.com\/#website\"},\"datePublished\":\"2024-03-07T09:38:05+00:00\",\"dateModified\":\"2025-07-02T09:00:49+00:00\",\"breadcrumb\":{\"@id\":\"https:\/\/camprubijardins.com\/politica-de-privacidad\/#breadcrumb\"},\"inLanguage\":\"ca\",\"potentialAction\":[{\"@type\":\"ReadAction\",\"target\":[\"https:\/\/camprubijardins.com\/politica-de-privacidad\/\"]}]},{\"@type\":\"BreadcrumbList\",\"@id\":\"https:\/\/camprubijardins.com\/politica-de-privacidad\/#breadcrumb\",\"itemListElement\":[{\"@type\":\"ListItem\",\"position\":1,\"name\":\"Portada\",\"item\":\"https:\/\/camprubijardins.com\/\"},{\"@type\":\"ListItem\",\"position\":2,\"name\":\"Pol\u00edtica de privacidad\"}]},{\"@type\":\"WebSite\",\"@id\":\"https:\/\/camprubijardins.com\/#website\",\"url\":\"https:\/\/camprubijardins.com\/\",\"name\":\"Vivers camp-rubi\",\"description\":\"\",\"publisher\":{\"@id\":\"https:\/\/camprubijardins.com\/#organization\"},\"potentialAction\":[{\"@type\":\"SearchAction\",\"target\":{\"@type\":\"EntryPoint\",\"urlTemplate\":\"https:\/\/camprubijardins.com\/?s={search_term_string}\"},\"query-input\":{\"@type\":\"PropertyValueSpecification\",\"valueRequired\":true,\"valueName\":\"search_term_string\"}}],\"inLanguage\":\"ca\"},{\"@type\":\"Organization\",\"@id\":\"https:\/\/camprubijardins.com\/#organization\",\"name\":\"Vivers camp-rubi\",\"url\":\"https:\/\/camprubijardins.com\/\",\"logo\":{\"@type\":\"ImageObject\",\"inLanguage\":\"ca\",\"@id\":\"https:\/\/camprubijardins.com\/#\/schema\/logo\/image\/\",\"url\":\"https:\/\/camprubijardins.com\/wp-content\/uploads\/2024\/03\/1-1.png\",\"contentUrl\":\"https:\/\/camprubijardins.com\/wp-content\/uploads\/2024\/03\/1-1.png\",\"width\":1920,\"height\":1080,\"caption\":\"Vivers camp-rubi\"},\"image\":{\"@id\":\"https:\/\/camprubijardins.com\/#\/schema\/logo\/image\/\"}}]}<\/script>\n<!-- \/ Yoast SEO plugin. -->","yoast_head_json":{"title":"Pol\u00edtica de privacidad - Vivers Camp-Rub\u00ed","robots":{"index":"index","follow":"follow","max-snippet":"max-snippet:-1","max-image-preview":"max-image-preview:large","max-video-preview":"max-video-preview:-1"},"canonical":"https:\/\/camprubijardins.com\/ca\/politica-de-privacidad\/","og_locale":"ca_ES","og_type":"article","og_title":"Pol\u00edtica de privacidad - Vivers Camp-Rub\u00ed","og_description":"Pol\u00edtica de privacidad 1.- INFORMACI\u00d3N AL USUARIO El sitio web informa a los usuarios del sitio web sobre su pol\u00edtica respecto al tratamiento y protecci\u00f3n de los datos de car\u00e1cter personal de los usuarios y clientes que puedan ser solicitados por la navegaci\u00f3n a trav\u00e9s de su sitio web. El sitio web es el Responsable [&hellip;]","og_url":"https:\/\/camprubijardins.com\/ca\/politica-de-privacidad\/","og_site_name":"Vivers Camp-Rub\u00ed","article_modified_time":"2025-07-02T09:00:49+00:00","twitter_card":"summary_large_image","twitter_misc":{"Temps estimat de lectura":"3 minuts"},"schema":{"@context":"https:\/\/schema.org","@graph":[{"@type":"WebPage","@id":"https:\/\/camprubijardins.com\/politica-de-privacidad\/","url":"https:\/\/camprubijardins.com\/politica-de-privacidad\/","name":"Pol\u00edtica de privacidad - Vivers Camp-Rub\u00ed","isPartOf":{"@id":"https:\/\/camprubijardins.com\/#website"},"datePublished":"2024-03-07T09:38:05+00:00","dateModified":"2025-07-02T09:00:49+00:00","breadcrumb":{"@id":"https:\/\/camprubijardins.com\/politica-de-privacidad\/#breadcrumb"},"inLanguage":"ca","potentialAction":[{"@type":"ReadAction","target":["https:\/\/camprubijardins.com\/politica-de-privacidad\/"]}]},{"@type":"BreadcrumbList","@id":"https:\/\/camprubijardins.com\/politica-de-privacidad\/#breadcrumb","itemListElement":[{"@type":"ListItem","position":1,"name":"Portada","item":"https:\/\/camprubijardins.com\/"},{"@type":"ListItem","position":2,"name":"Pol\u00edtica de privacidad"}]},{"@type":"WebSite","@id":"https:\/\/camprubijardins.com\/#website","url":"https:\/\/camprubijardins.com\/","name":"Vivers camp-rubi","description":"","publisher":{"@id":"https:\/\/camprubijardins.com\/#organization"},"potentialAction":[{"@type":"SearchAction","target":{"@type":"EntryPoint","urlTemplate":"https:\/\/camprubijardins.com\/?s={search_term_string}"},"query-input":{"@type":"PropertyValueSpecification","valueRequired":true,"valueName":"search_term_string"}}],"inLanguage":"ca"},{"@type":"Organization","@id":"https:\/\/camprubijardins.com\/#organization","name":"Vivers camp-rubi","url":"https:\/\/camprubijardins.com\/","logo":{"@type":"ImageObject","inLanguage":"ca","@id":"https:\/\/camprubijardins.com\/#\/schema\/logo\/image\/","url":"https:\/\/camprubijardins.com\/wp-content\/uploads\/2024\/03\/1-1.png","contentUrl":"https:\/\/camprubijardins.com\/wp-content\/uploads\/2024\/03\/1-1.png","width":1920,"height":1080,"caption":"Vivers camp-rubi"},"image":{"@id":"https:\/\/camprubijardins.com\/#\/schema\/logo\/image\/"}}]}},"_links":{"self":[{"href":"https:\/\/camprubijardins.com\/ca\/wp-json\/wp\/v2\/pages\/491","targetHints":{"allow":["GET"]}}],"collection":[{"href":"https:\/\/camprubijardins.com\/ca\/wp-json\/wp\/v2\/pages"}],"about":[{"href":"https:\/\/camprubijardins.com\/ca\/wp-json\/wp\/v2\/types\/page"}],"author":[{"embeddable":true,"href":"https:\/\/camprubijardins.com\/ca\/wp-json\/wp\/v2\/users\/1"}],"replies":[{"embeddable":true,"href":"https:\/\/camprubijardins.com\/ca\/wp-json\/wp\/v2\/comments?post=491"}],"version-history":[{"count":19,"href":"https:\/\/camprubijardins.com\/ca\/wp-json\/wp\/v2\/pages\/491\/revisions"}],"predecessor-version":[{"id":1272,"href":"https:\/\/camprubijardins.com\/ca\/wp-json\/wp\/v2\/pages\/491\/revisions\/1272"}],"wp:attachment":[{"href":"https:\/\/camprubijardins.com\/ca\/wp-json\/wp\/v2\/media?parent=491"}],"curies":[{"name":"wp","href":"https:\/\/api.w.org\/{rel}","templated":true}]}}