{"id":488,"date":"2024-03-07T09:32:49","date_gmt":"2024-03-07T09:32:49","guid":{"rendered":"https:\/\/camprubijardins.com\/?page_id=488"},"modified":"2025-07-02T11:00:52","modified_gmt":"2025-07-02T09:00:52","slug":"aviso-legal","status":"publish","type":"page","link":"https:\/\/camprubijardins.com\/ca\/aviso-legal\/","title":{"rendered":"Av\u00eds Legal"},"content":{"rendered":"<div data-elementor-type=\"wp-page\" data-elementor-id=\"488\" class=\"elementor elementor-488\" data-elementor-post-type=\"page\">\n\t\t\t\t<div class=\"elementor-element elementor-element-bc9cc79 e-con-full e-flex elementor-invisible e-con e-parent\" data-id=\"bc9cc79\" data-element_type=\"container\" data-settings=\"{&quot;background_background&quot;:&quot;classic&quot;,&quot;animation&quot;:&quot;fadeIn&quot;}\">\n\t\t\t\t<div class=\"elementor-element elementor-element-99f2a5e elementor-widget elementor-widget-heading\" data-id=\"99f2a5e\" data-element_type=\"widget\" data-widget_type=\"heading.default\">\n\t\t\t\t<div class=\"elementor-widget-container\">\n\t\t\t\t\t<h1 class=\"elementor-heading-title elementor-size-default\">Av\u00eds Legal<\/h1>\t\t\t\t<\/div>\n\t\t\t\t<\/div>\n\t\t\t\t<\/div>\n\t\t<div class=\"elementor-element elementor-element-4341fb0 e-flex e-con-boxed e-con e-parent\" data-id=\"4341fb0\" data-element_type=\"container\">\n\t\t\t\t\t<div class=\"e-con-inner\">\n\t\t\t\t<div class=\"elementor-element elementor-element-9d03f31 elementor-widget elementor-widget-heading\" data-id=\"9d03f31\" data-element_type=\"widget\" data-widget_type=\"heading.default\">\n\t\t\t\t<div class=\"elementor-widget-container\">\n\t\t\t\t\t<h2 class=\"elementor-heading-title elementor-size-default\">Responsable del tratamiento de los datos\n<\/h2>\t\t\t\t<\/div>\n\t\t\t\t<\/div>\n\t\t\t\t<div class=\"elementor-element elementor-element-9223d64 elementor-widget elementor-widget-text-editor\" data-id=\"9223d64\" data-element_type=\"widget\" data-widget_type=\"text-editor.default\">\n\t\t\t\t<div class=\"elementor-widget-container\">\n\t\t\t\t\t\t\t\t\t<p>En cumplimiento del deber de informaci\u00f3n que establece la Ley La 34\/2002, de 11 de julio, de Servicios de la Sociedad de la Informaci\u00f3n y del Comercio Electr\u00f3nico, le comunicamos que esta web es titularidad de:<\/p><ul><li>Web: <a href=\"https:\/\/camprubijardins.com\/ca\/\">camprubijardins.com<\/a><\/li><li>Nombre: CAMP-RUB\u00cd JARDINS, SL<\/li><li>Direcci\u00f3n: Avinguda de Generalitat, 145, 1<br \/>CP y Poblaci\u00f3n: 08840 Viladecans (Barcelona)<\/li><li>Tel\u00e9fono:\u00a0<a href=\"tel:34936620883\">936 62 08 83<\/a>\u00a0\/\u00a0<a href=\"tel:34679772127\">679 77 21 27<\/a><\/li><li>Mail: <a href=\"mailto:viverscamprubi@gmail.com\">viverscamprubi@gmail.com<\/a><\/li><\/ul>\t\t\t\t\t\t\t\t<\/div>\n\t\t\t\t<\/div>\n\t\t\t\t\t<\/div>\n\t\t\t\t<\/div>\n\t\t<div class=\"elementor-element elementor-element-61778e1 e-flex e-con-boxed e-con e-parent\" data-id=\"61778e1\" data-element_type=\"container\">\n\t\t\t\t\t<div class=\"e-con-inner\">\n\t\t\t\t<div class=\"elementor-element elementor-element-46b9761 elementor-widget elementor-widget-heading\" data-id=\"46b9761\" data-element_type=\"widget\" data-widget_type=\"heading.default\">\n\t\t\t\t<div class=\"elementor-widget-container\">\n\t\t\t\t\t<h2 class=\"elementor-heading-title elementor-size-default\">Objeto<\/h2>\t\t\t\t<\/div>\n\t\t\t\t<\/div>\n\t\t\t\t<div class=\"elementor-element elementor-element-fb6139b elementor-widget elementor-widget-text-editor\" data-id=\"fb6139b\" data-element_type=\"widget\" data-widget_type=\"text-editor.default\">\n\t\t\t\t<div class=\"elementor-widget-container\">\n\t\t\t\t\t\t\t\t\t<p>El Responsable pone a disposici\u00f3n de los usuarios este documento con el que pretende dar cumplimiento de lo dispuesto en la normativa vigente en materia de protecci\u00f3n de datos, y en el contexto del nuevo marco normativo establecido en virtud de lo dispuesto en el Reglamento (UE ) 2016\/679 del Parlamento Europeo y del Consejo, de 27 de abril de 2016, relativo a la protecci\u00f3n de las personas f\u00edsicas en cuanto al tratamiento de datos personales ya la libre circulaci\u00f3n de estos datos (en adelante, el \u201cRGPD\u201d), y la normativa nacional en materia de protecci\u00f3n de datos de car\u00e1cter personal, as\u00ed como informar a todos los usuarios del sitio web respecto a cu\u00e1les son las condiciones de uso del mismo.<\/p><p>Toda persona que acceda a este sitio web asume el papel de usuario, comprometi\u00e9ndose a la observancia y cumplimiento riguroso de las disposiciones aqu\u00ed dispuestas, as\u00ed como a cualquier otra disposici\u00f3n legal que sea aplicable.<\/p><p>El Responsable se reserva el derecho a modificar cualquier tipo de informaci\u00f3n que pudiera aparecer en el sitio web, sin que exista obligaci\u00f3n de preavisar o poner en conocimiento de los usuarios estas obligaciones, entendi\u00e9ndose como suficiente con la publicaci\u00f3n en el sitio web del Responsable .<\/p>\t\t\t\t\t\t\t\t<\/div>\n\t\t\t\t<\/div>\n\t\t\t\t\t<\/div>\n\t\t\t\t<\/div>\n\t\t<div class=\"elementor-element elementor-element-192679d e-flex e-con-boxed e-con e-parent\" data-id=\"192679d\" data-element_type=\"container\">\n\t\t\t\t\t<div class=\"e-con-inner\">\n\t\t\t\t<div class=\"elementor-element elementor-element-185cbc1 elementor-widget elementor-widget-heading\" data-id=\"185cbc1\" data-element_type=\"widget\" data-widget_type=\"heading.default\">\n\t\t\t\t<div class=\"elementor-widget-container\">\n\t\t\t\t\t<h2 class=\"elementor-heading-title elementor-size-default\">Responsabilidad<\/h2>\t\t\t\t<\/div>\n\t\t\t\t<\/div>\n\t\t\t\t<div class=\"elementor-element elementor-element-9fc9f93 elementor-widget elementor-widget-text-editor\" data-id=\"9fc9f93\" data-element_type=\"widget\" data-widget_type=\"text-editor.default\">\n\t\t\t\t<div class=\"elementor-widget-container\">\n\t\t\t\t\t\t\t\t\t<p>El Responsable se exime de cualquier tipo de responsabilidad derivada de la informaci\u00f3n publicada en su sitio web, siempre que esta informaci\u00f3n haya sido manipulada o introducida por un tercero ajeno al mismo.<\/p>\t\t\t\t\t\t\t\t<\/div>\n\t\t\t\t<\/div>\n\t\t\t\t\t<\/div>\n\t\t\t\t<\/div>\n\t\t<div class=\"elementor-element elementor-element-cb76988 e-flex e-con-boxed e-con e-parent\" data-id=\"cb76988\" data-element_type=\"container\">\n\t\t\t\t\t<div class=\"e-con-inner\">\n\t\t\t\t<div class=\"elementor-element elementor-element-b7f528d elementor-widget elementor-widget-heading\" data-id=\"b7f528d\" data-element_type=\"widget\" data-widget_type=\"heading.default\">\n\t\t\t\t<div class=\"elementor-widget-container\">\n\t\t\t\t\t<h2 class=\"elementor-heading-title elementor-size-default\">Direcciones IP<\/h2>\t\t\t\t<\/div>\n\t\t\t\t<\/div>\n\t\t\t\t<div class=\"elementor-element elementor-element-a4ce9fb elementor-widget elementor-widget-text-editor\" data-id=\"a4ce9fb\" data-element_type=\"widget\" data-widget_type=\"text-editor.default\">\n\t\t\t\t<div class=\"elementor-widget-container\">\n\t\t\t\t\t\t\t\t\t<p>Los servidores del sitio web podr\u00e1n detectar autom\u00e1ticamente la direcci\u00f3n IP y el nombre de dominio utilizados por el usuario.<\/p><p>Una direcci\u00f3n IP es un n\u00famero asignado autom\u00e1ticamente a un ordenador cuando \u00e9ste se conecta a Internet.\u00a0Toda esta informaci\u00f3n est\u00e1 registrada en un archivo de actividad del servidor, debidamente inscrito, que permite el procesamiento posterior de los datos para obtener medidas \u00fanicamente estad\u00edsticas que permitan conocer el n\u00famero de impresiones de p\u00e1ginas, el n\u00famero de visitas realizadas a los servidores web, orden de visitas, punto de acceso, etc.<\/p>\t\t\t\t\t\t\t\t<\/div>\n\t\t\t\t<\/div>\n\t\t\t\t\t<\/div>\n\t\t\t\t<\/div>\n\t\t<div class=\"elementor-element elementor-element-a47ef32 e-flex e-con-boxed e-con e-parent\" data-id=\"a47ef32\" data-element_type=\"container\">\n\t\t\t\t\t<div class=\"e-con-inner\">\n\t\t\t\t<div class=\"elementor-element elementor-element-5abd96d elementor-widget elementor-widget-heading\" data-id=\"5abd96d\" data-element_type=\"widget\" data-widget_type=\"heading.default\">\n\t\t\t\t<div class=\"elementor-widget-container\">\n\t\t\t\t\t<h2 class=\"elementor-heading-title elementor-size-default\">Pol\u00edtica de enlaces<\/h2>\t\t\t\t<\/div>\n\t\t\t\t<\/div>\n\t\t\t\t<div class=\"elementor-element elementor-element-37d3039 elementor-widget elementor-widget-text-editor\" data-id=\"37d3039\" data-element_type=\"widget\" data-widget_type=\"text-editor.default\">\n\t\t\t\t<div class=\"elementor-widget-container\">\n\t\t\t\t\t\t\t\t\t<p>Desde el presente sitio web es posible que se redirija a contenidos de terceros sitios web.\u00a0Dado que El Responsable no puede controlar siempre los contenidos introducidos por los terceros en sus sitios web, \u00e9ste no asume ning\u00fan tipo de responsabilidad respecto a estos contenidos.\u00a0En todo caso, El Responsable manifiesta que proceder\u00e1 a la retirada inmediata de cualquier contenido que pudiera contravenir la legislaci\u00f3n nacional o internacional, la moral o el orden p\u00fablico, procediendo a la retirada inmediata de la redirecci\u00f3n a este sitio web, poniendo en conocimiento de las autoridades competentes el contenido en cuesti\u00f3n.<\/p><p>El Responsable no se hace responsable de la informaci\u00f3n y contenidos almacenados, a t\u00edtulo enunciativo pero no limitativo, en foros, chats, generadores de blogs, comentarios, redes sociales o cualquier otro medio que permita a terceros publicar contenidos de forma independiente en la p\u00e1gina web del Responsable.\u00a0Sin embargo y en cumplimiento de lo dispuesto en el art.\u00a011 y 16 de la LSSICE, El Responsable se pone a disposici\u00f3n de todos los usuarios, autoridades y fuerzas de seguridad, colaborando de forma activa en la retirada o en su caso bloqueo de todos aquellos contenidos que pudieran afectar o contravenir la legislaci\u00f3n nacional, o internacional, derechos de terceros o la moral y el orden p\u00fablico.\u00a0En caso de que el usuario considere que existe en el sitio web alg\u00fan contenido que pudiera ser susceptible de esta clasificaci\u00f3n,<\/p><p>Este sitio web ha sido revisado y probado para que funcione correctamente.\u00a0En principio, se puede garantizar el correcto funcionamiento los 365 d\u00edas del a\u00f1o, 24 horas al d\u00eda.\u00a0No obstante, El Responsable no descarta la posibilidad de que existan ciertos errores de programaci\u00f3n, o que se conviertan en causas de fuerza mayor, cat\u00e1strofes naturales, huelgas, o circunstancias similares que hagan imposible el acceso a la p\u00e1gina web.<\/p>\t\t\t\t\t\t\t\t<\/div>\n\t\t\t\t<\/div>\n\t\t\t\t\t<\/div>\n\t\t\t\t<\/div>\n\t\t<div class=\"elementor-element elementor-element-82ecf4a e-flex e-con-boxed e-con e-parent\" data-id=\"82ecf4a\" data-element_type=\"container\">\n\t\t\t\t\t<div class=\"e-con-inner\">\n\t\t\t\t<div class=\"elementor-element elementor-element-4c3ca6e elementor-widget elementor-widget-heading\" data-id=\"4c3ca6e\" data-element_type=\"widget\" data-widget_type=\"heading.default\">\n\t\t\t\t<div class=\"elementor-widget-container\">\n\t\t\t\t\t<h2 class=\"elementor-heading-title elementor-size-default\">Protecci\u00f3n de datos\n<\/h2>\t\t\t\t<\/div>\n\t\t\t\t<\/div>\n\t\t\t\t<div class=\"elementor-element elementor-element-33393df elementor-widget elementor-widget-text-editor\" data-id=\"33393df\" data-element_type=\"widget\" data-widget_type=\"text-editor.default\">\n\t\t\t\t<div class=\"elementor-widget-container\">\n\t\t\t\t\t\t\t\t\t<p>El Responsable se encuentra profundamente comprometido en el cumplimiento de lo dispuesto en la normativa vigente en materia de protecci\u00f3n de datos, y en el contexto del nuevo marco normativo establecido en virtud de lo dispuesto en el Reglamento (UE) 2016\/679 del Parlamento Europeo y del Consejo , de 27 de abril de 2016, relativo a la protecci\u00f3n de las personas f\u00edsicas en cuanto al tratamiento de datos personales ya la libre circulaci\u00f3n de estos datos (en adelante, el RGPD), y la normativa nacional en materia de protecci\u00f3n de datos de car\u00e1cter personal.<\/p><p>Asimismo, El Responsable informa que da cumplimiento a la Ley 34\/2002 de 11 de julio, de Servicios de la Sociedad de la Informaci\u00f3n y el Comercio Electr\u00f3nico y le solicitar\u00e1 el consentimiento al tratamiento de sus datos con fines comerciales en cada momento.<\/p>\t\t\t\t\t\t\t\t<\/div>\n\t\t\t\t<\/div>\n\t\t\t\t\t<\/div>\n\t\t\t\t<\/div>\n\t\t<div class=\"elementor-element elementor-element-8c69cb2 e-flex e-con-boxed e-con e-parent\" data-id=\"8c69cb2\" data-element_type=\"container\">\n\t\t\t\t\t<div class=\"e-con-inner\">\n\t\t\t\t<div class=\"elementor-element elementor-element-c5cd88c elementor-widget elementor-widget-heading\" data-id=\"c5cd88c\" data-element_type=\"widget\" data-widget_type=\"heading.default\">\n\t\t\t\t<div class=\"elementor-widget-container\">\n\t\t\t\t\t<h2 class=\"elementor-heading-title elementor-size-default\">Propiedad intelectual e industrial\n<\/h2>\t\t\t\t<\/div>\n\t\t\t\t<\/div>\n\t\t\t\t<div class=\"elementor-element elementor-element-cdf9ff0 elementor-widget elementor-widget-text-editor\" data-id=\"cdf9ff0\" data-element_type=\"widget\" data-widget_type=\"text-editor.default\">\n\t\t\t\t<div class=\"elementor-widget-container\">\n\t\t\t\t\t\t\t\t\t<p>El sitio web, incluyendo a t\u00edtulo enunciativo pero no limitativo su programaci\u00f3n, edici\u00f3n, compilaci\u00f3n y otros elementos necesarios para su funcionamiento, los dise\u00f1os, logotipos, texto y\/o gr\u00e1ficos son propiedad del Responsable o en su caso dispone de licencia o autorizaci\u00f3n expresa por parte de los autores.<\/p><p>Todos los contenidos del sitio web est\u00e1n debidamente protegidos por la normativa de propiedad intelectual e industrial.<\/p><p>Independientemente de la finalidad para la que fuesen destinados, la reproducci\u00f3n total o parcial, uso, explotaci\u00f3n, distribuci\u00f3n y comercializaci\u00f3n requiere en todo caso la autorizaci\u00f3n escrita previa por parte del Responsable.\u00a0Cualquier uso no autorizado previamente por el responsable ser\u00e1 considerado un incumplimiento grave de los derechos de propiedad intelectual o industrial del autor.<\/p><p>Los dise\u00f1os, logotipos, texto y\/o gr\u00e1ficos ajenos al prestamista y que pudieran aparecer en el sitio web, pertenecen a sus respectivos propietarios, siendo ellos mismos responsables de cualquier posible controversia que pudiera suscitarse respecto a \u00e9stos.\u00a0En todo caso, El Responsable cuenta con la autorizaci\u00f3n expresa y previa por parte de los mismos.<\/p><p>El Responsable autoriza expresamente a que terceros puedan redirigir directamente a los contenidos concretos del sitio web, y en todo caso debe redirigir a la p\u00e1gina principal del sitio web del Responsable.<\/p><p>El Responsable reconoce a favor de sus titulares los correspondientes derechos de propiedad intelectual e industrial, y no implica su sola menci\u00f3n o aparici\u00f3n en el sitio web la existencia de derechos o responsabilidad del Responsable sobre \u00e9stos, como tampoco soporte, patrocinio o recomendaci\u00f3n por su parto.<\/p><p>Para todas aquellas im\u00e1genes en las que el software de dise\u00f1o lo permite, se han incluido las referencias correspondientes a la autor\u00eda y la licencia correspondiente.<\/p><p>Para realizar cualquier tipo de observaci\u00f3n respecto a posibles incumplimientos de los derechos de propiedad intelectual o industrial, as\u00ed como sobre cualquiera de los contenidos del sitio web, puede hacerlo a trav\u00e9s del correo electr\u00f3nico siguiente: <a href=\"mailto:viverscamprubi@gmail.com\">viverscamprubi@gmail.com<\/a><\/p>\t\t\t\t\t\t\t\t<\/div>\n\t\t\t\t<\/div>\n\t\t\t\t\t<\/div>\n\t\t\t\t<\/div>\n\t\t\t\t<\/div>","protected":false},"excerpt":{"rendered":"<p>Aviso legal Responsable del tratamiento de los datos En cumplimiento del deber de informaci\u00f3n que establece la Ley La 34\/2002, de 11 de julio, de Servicios de la Sociedad de la Informaci\u00f3n y del Comercio Electr\u00f3nico, le comunicamos que esta web es titularidad de: Web: camprubijardins.com Nombre: CAMP-RUB\u00cd JARDINS, SL Direcci\u00f3n: Avinguda de Generalitat, 145, [&hellip;]<\/p>","protected":false},"author":1,"featured_media":0,"parent":0,"menu_order":0,"comment_status":"closed","ping_status":"closed","template":"elementor_header_footer","meta":{"footnotes":""},"class_list":["post-488","page","type-page","status-publish","hentry"],"yoast_head":"<!-- This site is optimized with the Yoast SEO plugin v25.1 - https:\/\/yoast.com\/wordpress\/plugins\/seo\/ -->\n<title>Aviso legal - Vivers Camp-Rub\u00ed<\/title>\n<meta name=\"robots\" content=\"index, follow, max-snippet:-1, max-image-preview:large, max-video-preview:-1\" \/>\n<link rel=\"canonical\" href=\"https:\/\/camprubijardins.com\/ca\/aviso-legal\/\" \/>\n<meta property=\"og:locale\" content=\"ca_ES\" \/>\n<meta property=\"og:type\" content=\"article\" \/>\n<meta property=\"og:title\" content=\"Aviso legal - Vivers Camp-Rub\u00ed\" \/>\n<meta property=\"og:description\" content=\"Aviso legal Responsable del tratamiento de los datos En cumplimiento del deber de informaci\u00f3n que establece la Ley La 34\/2002, de 11 de julio, de Servicios de la Sociedad de la Informaci\u00f3n y del Comercio Electr\u00f3nico, le comunicamos que esta web es titularidad de: Web: camprubijardins.com Nombre: CAMP-RUB\u00cd JARDINS, SL Direcci\u00f3n: Avinguda de Generalitat, 145, [&hellip;]\" \/>\n<meta property=\"og:url\" content=\"https:\/\/camprubijardins.com\/ca\/aviso-legal\/\" \/>\n<meta property=\"og:site_name\" content=\"Vivers Camp-Rub\u00ed\" \/>\n<meta property=\"article:modified_time\" content=\"2025-07-02T09:00:52+00:00\" \/>\n<meta name=\"twitter:card\" content=\"summary_large_image\" \/>\n<meta name=\"twitter:label1\" content=\"Temps estimat de lectura\" \/>\n\t<meta name=\"twitter:data1\" content=\"6 minuts\" \/>\n<script type=\"application\/ld+json\" class=\"yoast-schema-graph\">{\"@context\":\"https:\/\/schema.org\",\"@graph\":[{\"@type\":\"WebPage\",\"@id\":\"https:\/\/camprubijardins.com\/aviso-legal\/\",\"url\":\"https:\/\/camprubijardins.com\/aviso-legal\/\",\"name\":\"Aviso legal - Vivers Camp-Rub\u00ed\",\"isPartOf\":{\"@id\":\"https:\/\/camprubijardins.com\/#website\"},\"datePublished\":\"2024-03-07T09:32:49+00:00\",\"dateModified\":\"2025-07-02T09:00:52+00:00\",\"breadcrumb\":{\"@id\":\"https:\/\/camprubijardins.com\/aviso-legal\/#breadcrumb\"},\"inLanguage\":\"ca\",\"potentialAction\":[{\"@type\":\"ReadAction\",\"target\":[\"https:\/\/camprubijardins.com\/aviso-legal\/\"]}]},{\"@type\":\"BreadcrumbList\",\"@id\":\"https:\/\/camprubijardins.com\/aviso-legal\/#breadcrumb\",\"itemListElement\":[{\"@type\":\"ListItem\",\"position\":1,\"name\":\"Portada\",\"item\":\"https:\/\/camprubijardins.com\/\"},{\"@type\":\"ListItem\",\"position\":2,\"name\":\"Aviso legal\"}]},{\"@type\":\"WebSite\",\"@id\":\"https:\/\/camprubijardins.com\/#website\",\"url\":\"https:\/\/camprubijardins.com\/\",\"name\":\"Vivers camp-rubi\",\"description\":\"\",\"publisher\":{\"@id\":\"https:\/\/camprubijardins.com\/#organization\"},\"potentialAction\":[{\"@type\":\"SearchAction\",\"target\":{\"@type\":\"EntryPoint\",\"urlTemplate\":\"https:\/\/camprubijardins.com\/?s={search_term_string}\"},\"query-input\":{\"@type\":\"PropertyValueSpecification\",\"valueRequired\":true,\"valueName\":\"search_term_string\"}}],\"inLanguage\":\"ca\"},{\"@type\":\"Organization\",\"@id\":\"https:\/\/camprubijardins.com\/#organization\",\"name\":\"Vivers camp-rubi\",\"url\":\"https:\/\/camprubijardins.com\/\",\"logo\":{\"@type\":\"ImageObject\",\"inLanguage\":\"ca\",\"@id\":\"https:\/\/camprubijardins.com\/#\/schema\/logo\/image\/\",\"url\":\"https:\/\/camprubijardins.com\/wp-content\/uploads\/2024\/03\/1-1.png\",\"contentUrl\":\"https:\/\/camprubijardins.com\/wp-content\/uploads\/2024\/03\/1-1.png\",\"width\":1920,\"height\":1080,\"caption\":\"Vivers camp-rubi\"},\"image\":{\"@id\":\"https:\/\/camprubijardins.com\/#\/schema\/logo\/image\/\"}}]}<\/script>\n<!-- \/ Yoast SEO plugin. -->","yoast_head_json":{"title":"Aviso legal - Vivers Camp-Rub\u00ed","robots":{"index":"index","follow":"follow","max-snippet":"max-snippet:-1","max-image-preview":"max-image-preview:large","max-video-preview":"max-video-preview:-1"},"canonical":"https:\/\/camprubijardins.com\/ca\/aviso-legal\/","og_locale":"ca_ES","og_type":"article","og_title":"Aviso legal - Vivers Camp-Rub\u00ed","og_description":"Aviso legal Responsable del tratamiento de los datos En cumplimiento del deber de informaci\u00f3n que establece la Ley La 34\/2002, de 11 de julio, de Servicios de la Sociedad de la Informaci\u00f3n y del Comercio Electr\u00f3nico, le comunicamos que esta web es titularidad de: Web: camprubijardins.com Nombre: CAMP-RUB\u00cd JARDINS, SL Direcci\u00f3n: Avinguda de Generalitat, 145, [&hellip;]","og_url":"https:\/\/camprubijardins.com\/ca\/aviso-legal\/","og_site_name":"Vivers Camp-Rub\u00ed","article_modified_time":"2025-07-02T09:00:52+00:00","twitter_card":"summary_large_image","twitter_misc":{"Temps estimat de lectura":"6 minuts"},"schema":{"@context":"https:\/\/schema.org","@graph":[{"@type":"WebPage","@id":"https:\/\/camprubijardins.com\/aviso-legal\/","url":"https:\/\/camprubijardins.com\/aviso-legal\/","name":"Aviso legal - Vivers Camp-Rub\u00ed","isPartOf":{"@id":"https:\/\/camprubijardins.com\/#website"},"datePublished":"2024-03-07T09:32:49+00:00","dateModified":"2025-07-02T09:00:52+00:00","breadcrumb":{"@id":"https:\/\/camprubijardins.com\/aviso-legal\/#breadcrumb"},"inLanguage":"ca","potentialAction":[{"@type":"ReadAction","target":["https:\/\/camprubijardins.com\/aviso-legal\/"]}]},{"@type":"BreadcrumbList","@id":"https:\/\/camprubijardins.com\/aviso-legal\/#breadcrumb","itemListElement":[{"@type":"ListItem","position":1,"name":"Portada","item":"https:\/\/camprubijardins.com\/"},{"@type":"ListItem","position":2,"name":"Aviso legal"}]},{"@type":"WebSite","@id":"https:\/\/camprubijardins.com\/#website","url":"https:\/\/camprubijardins.com\/","name":"Vivers camp-rubi","description":"","publisher":{"@id":"https:\/\/camprubijardins.com\/#organization"},"potentialAction":[{"@type":"SearchAction","target":{"@type":"EntryPoint","urlTemplate":"https:\/\/camprubijardins.com\/?s={search_term_string}"},"query-input":{"@type":"PropertyValueSpecification","valueRequired":true,"valueName":"search_term_string"}}],"inLanguage":"ca"},{"@type":"Organization","@id":"https:\/\/camprubijardins.com\/#organization","name":"Vivers camp-rubi","url":"https:\/\/camprubijardins.com\/","logo":{"@type":"ImageObject","inLanguage":"ca","@id":"https:\/\/camprubijardins.com\/#\/schema\/logo\/image\/","url":"https:\/\/camprubijardins.com\/wp-content\/uploads\/2024\/03\/1-1.png","contentUrl":"https:\/\/camprubijardins.com\/wp-content\/uploads\/2024\/03\/1-1.png","width":1920,"height":1080,"caption":"Vivers camp-rubi"},"image":{"@id":"https:\/\/camprubijardins.com\/#\/schema\/logo\/image\/"}}]}},"_links":{"self":[{"href":"https:\/\/camprubijardins.com\/ca\/wp-json\/wp\/v2\/pages\/488","targetHints":{"allow":["GET"]}}],"collection":[{"href":"https:\/\/camprubijardins.com\/ca\/wp-json\/wp\/v2\/pages"}],"about":[{"href":"https:\/\/camprubijardins.com\/ca\/wp-json\/wp\/v2\/types\/page"}],"author":[{"embeddable":true,"href":"https:\/\/camprubijardins.com\/ca\/wp-json\/wp\/v2\/users\/1"}],"replies":[{"embeddable":true,"href":"https:\/\/camprubijardins.com\/ca\/wp-json\/wp\/v2\/comments?post=488"}],"version-history":[{"count":52,"href":"https:\/\/camprubijardins.com\/ca\/wp-json\/wp\/v2\/pages\/488\/revisions"}],"predecessor-version":[{"id":1275,"href":"https:\/\/camprubijardins.com\/ca\/wp-json\/wp\/v2\/pages\/488\/revisions\/1275"}],"wp:attachment":[{"href":"https:\/\/camprubijardins.com\/ca\/wp-json\/wp\/v2\/media?parent=488"}],"curies":[{"name":"wp","href":"https:\/\/api.w.org\/{rel}","templated":true}]}}