{"id":380,"date":"2024-03-07T07:30:24","date_gmt":"2024-03-07T07:30:24","guid":{"rendered":"https:\/\/camprubijardins.com\/?page_id=380"},"modified":"2024-03-25T09:40:20","modified_gmt":"2024-03-25T09:40:20","slug":"venta-de-plantas","status":"publish","type":"page","link":"https:\/\/camprubijardins.com\/ca\/venta-de-plantas\/","title":{"rendered":"Venda de plantes"},"content":{"rendered":"<div data-elementor-type=\"wp-page\" data-elementor-id=\"380\" class=\"elementor elementor-380\" data-elementor-post-type=\"page\">\n\t\t\t\t<div class=\"elementor-element elementor-element-57f60d83 e-con-full e-flex elementor-invisible e-con e-parent\" data-id=\"57f60d83\" data-element_type=\"container\" data-settings=\"{&quot;background_background&quot;:&quot;classic&quot;,&quot;animation&quot;:&quot;fadeIn&quot;}\">\n\t\t\t\t<div class=\"elementor-element elementor-element-490137ef elementor-invisible elementor-widget elementor-widget-heading\" data-id=\"490137ef\" data-element_type=\"widget\" data-settings=\"{&quot;_animation&quot;:&quot;fadeInDown&quot;}\" data-widget_type=\"heading.default\">\n\t\t\t\t<div class=\"elementor-widget-container\">\n\t\t\t\t\t<h1 class=\"elementor-heading-title elementor-size-default\">Venda de plantes<\/h1>\t\t\t\t<\/div>\n\t\t\t\t<\/div>\n\t\t\t\t<\/div>\n\t\t<div class=\"elementor-element elementor-element-4c2214e e-flex e-con-boxed elementor-invisible e-con e-parent\" data-id=\"4c2214e\" data-element_type=\"container\" data-settings=\"{&quot;background_background&quot;:&quot;classic&quot;,&quot;animation&quot;:&quot;fadeIn&quot;}\">\n\t\t\t\t\t<div class=\"e-con-inner\">\n\t\t\t\t<div class=\"elementor-element elementor-element-1461cc8 elementor-invisible elementor-widget elementor-widget-heading\" data-id=\"1461cc8\" data-element_type=\"widget\" data-settings=\"{&quot;_animation&quot;:&quot;fadeInDown&quot;}\" data-widget_type=\"heading.default\">\n\t\t\t\t<div class=\"elementor-widget-container\">\n\t\t\t\t\t<h2 class=\"elementor-heading-title elementor-size-default\">Explorar i crear amb el nostre servei de venda de plantes de paisatgisme i jardineria en el nostre viver\n<\/h2>\t\t\t\t<\/div>\n\t\t\t\t<\/div>\n\t\t\t\t\t<\/div>\n\t\t\t\t<\/div>\n\t\t<div class=\"elementor-element elementor-element-5e56bbd e-flex e-con-boxed e-con e-parent\" data-id=\"5e56bbd\" data-element_type=\"container\">\n\t\t\t\t\t<div class=\"e-con-inner\">\n\t\t<div class=\"elementor-element elementor-element-ab53a91 e-con-full e-flex e-con e-child\" data-id=\"ab53a91\" data-element_type=\"container\">\n\t\t\t\t<div class=\"elementor-element elementor-element-d6501a4 elementor-invisible elementor-widget elementor-widget-text-editor\" data-id=\"d6501a4\" data-element_type=\"widget\" data-settings=\"{&quot;_animation&quot;:&quot;fadeIn&quot;}\" data-widget_type=\"text-editor.default\">\n\t\t\t\t<div class=\"elementor-widget-container\">\n\t\t\t\t\t\t\t\t\t<p>El nostre viver \u00e9s m\u00e9s que un lloc per a comprar les plantes; \u00e9s un gran espai de possibilitats. Estem orgullosos de disposar d&#039;una \u00e0mplia varietat de plantes, seleccionats meticulosament no nom\u00e9s con\u00e8ixer-se, per\u00f2 superar totes les expectatives en paisatgisme i jardineria.<\/p><p>Cada planta en el nostre viver \u00e9s curosament seleccionats, no nom\u00e9s per l&#039;est\u00e8tica, sin\u00f3 tamb\u00e9 per a la seva salut i adaptabilitat.\u00a0<\/p>\t\t\t\t\t\t\t\t<\/div>\n\t\t\t\t<\/div>\n\t\t\t\t<\/div>\n\t\t<div class=\"elementor-element elementor-element-6b09ca2 e-con-full e-flex e-con e-child\" data-id=\"6b09ca2\" data-element_type=\"container\">\n\t\t\t\t<div class=\"elementor-element elementor-element-148f355 elementor-invisible elementor-widget elementor-widget-image\" data-id=\"148f355\" data-element_type=\"widget\" data-settings=\"{&quot;_animation&quot;:&quot;fadeInDown&quot;}\" data-widget_type=\"image.default\">\n\t\t\t\t<div class=\"elementor-widget-container\">\n\t\t\t\t\t\t\t\t\t\t\t\t\t\t\t<img fetchpriority=\"high\" decoding=\"async\" width=\"800\" height=\"450\" src=\"https:\/\/camprubijardins.com\/wp-content\/uploads\/2024\/03\/Venda-de-planta-_1_-1024x576.webp\" class=\"attachment-large size-large wp-image-563\" alt=\"Camp rubi Venta de planta 1\" srcset=\"https:\/\/camprubijardins.com\/wp-content\/uploads\/2024\/03\/Venda-de-planta-_1_-1024x576.webp 1024w, https:\/\/camprubijardins.com\/wp-content\/uploads\/2024\/03\/Venda-de-planta-_1_-300x169.webp 300w, https:\/\/camprubijardins.com\/wp-content\/uploads\/2024\/03\/Venda-de-planta-_1_-768x432.webp 768w, https:\/\/camprubijardins.com\/wp-content\/uploads\/2024\/03\/Venda-de-planta-_1_.webp 1400w\" sizes=\"(max-width: 800px) 100vw, 800px\" \/>\t\t\t\t\t\t\t\t\t\t\t\t\t\t\t<\/div>\n\t\t\t\t<\/div>\n\t\t\t\t<\/div>\n\t\t\t\t\t<\/div>\n\t\t\t\t<\/div>\n\t\t<div class=\"elementor-element elementor-element-f03d9e3 e-flex e-con-boxed e-con e-parent\" data-id=\"f03d9e3\" data-element_type=\"container\">\n\t\t\t\t\t<div class=\"e-con-inner\">\n\t\t<div class=\"elementor-element elementor-element-1e61efd e-con-full e-flex e-con e-child\" data-id=\"1e61efd\" data-element_type=\"container\">\n\t\t\t\t<div class=\"elementor-element elementor-element-e6ae7c4 elementor-invisible elementor-widget elementor-widget-image\" data-id=\"e6ae7c4\" data-element_type=\"widget\" data-settings=\"{&quot;_animation&quot;:&quot;fadeInDown&quot;}\" data-widget_type=\"image.default\">\n\t\t\t\t<div class=\"elementor-widget-container\">\n\t\t\t\t\t\t\t\t\t\t\t\t\t\t\t<img decoding=\"async\" width=\"800\" height=\"450\" src=\"https:\/\/camprubijardins.com\/wp-content\/uploads\/2024\/03\/Venda-de-planta-3-1024x576.webp\" class=\"attachment-large size-large wp-image-565\" alt=\"Camp rubi Venta de planta 3\" srcset=\"https:\/\/camprubijardins.com\/wp-content\/uploads\/2024\/03\/Venda-de-planta-3-1024x576.webp 1024w, https:\/\/camprubijardins.com\/wp-content\/uploads\/2024\/03\/Venda-de-planta-3-300x169.webp 300w, https:\/\/camprubijardins.com\/wp-content\/uploads\/2024\/03\/Venda-de-planta-3-768x432.webp 768w, https:\/\/camprubijardins.com\/wp-content\/uploads\/2024\/03\/Venda-de-planta-3.webp 1400w\" sizes=\"(max-width: 800px) 100vw, 800px\" \/>\t\t\t\t\t\t\t\t\t\t\t\t\t\t\t<\/div>\n\t\t\t\t<\/div>\n\t\t\t\t<\/div>\n\t\t<div class=\"elementor-element elementor-element-2f4f6b2 e-con-full e-flex e-con e-child\" data-id=\"2f4f6b2\" data-element_type=\"container\">\n\t\t\t\t<div class=\"elementor-element elementor-element-dda3260 elementor-invisible elementor-widget elementor-widget-text-editor\" data-id=\"dda3260\" data-element_type=\"widget\" data-settings=\"{&quot;_animation&quot;:&quot;fadeIn&quot;}\" data-widget_type=\"text-editor.default\">\n\t\t\t\t<div class=\"elementor-widget-container\">\n\t\t\t\t\t\t\t\t\t<p>De plantes ornamentals a varietats d&#039;arbres i arbustos, oferim una completa paleta per donar vida a qualsevol visi\u00f3 del paisatge.<\/p><p>Estem aqu\u00ed per assessorar en la selecci\u00f3, la cura i el disseny, assegurant que cada planta est\u00e0 integrat harmoniosament en el seu projecte.<\/p>\t\t\t\t\t\t\t\t<\/div>\n\t\t\t\t<\/div>\n\t\t\t\t<\/div>\n\t\t\t\t\t<\/div>\n\t\t\t\t<\/div>\n\t\t<div class=\"elementor-element elementor-element-59c57aa e-flex e-con-boxed e-con e-parent\" data-id=\"59c57aa\" data-element_type=\"container\">\n\t\t\t\t\t<div class=\"e-con-inner\">\n\t\t\t\t<div class=\"elementor-element elementor-element-5bdc724 elementor-widget elementor-widget-text-editor\" data-id=\"5bdc724\" data-element_type=\"widget\" data-widget_type=\"text-editor.default\">\n\t\t\t\t<div class=\"elementor-widget-container\">\n\t\t\t\t\t\t\t\t\t<p>Us convidem a visitar la nostra guarderia, per a trobar la inspiraci\u00f3 que necessita per desenvolupar el seu projecte de jardineria.<\/p>\t\t\t\t\t\t\t\t<\/div>\n\t\t\t\t<\/div>\n\t\t\t\t<div class=\"elementor-element elementor-element-ce58299 elementor-invisible elementor-widget elementor-widget-heading\" data-id=\"ce58299\" data-element_type=\"widget\" data-settings=\"{&quot;_animation&quot;:&quot;fadeInDown&quot;}\" data-widget_type=\"heading.default\">\n\t\t\t\t<div class=\"elementor-widget-container\">\n\t\t\t\t\t<h2 class=\"elementor-heading-title elementor-size-default\">Caracter\u00edstiques m\u00e9s destacables del nostre servei de venda de plantes<\/h2>\t\t\t\t<\/div>\n\t\t\t\t<\/div>\n\t\t\t\t\t<\/div>\n\t\t\t\t<\/div>\n\t\t<div class=\"elementor-element elementor-element-1747f77 e-flex e-con-boxed e-con e-parent\" data-id=\"1747f77\" data-element_type=\"container\">\n\t\t\t\t\t<div class=\"e-con-inner\">\n\t\t<div class=\"elementor-element elementor-element-26d7e8f6 e-con-full e-flex elementor-invisible e-con e-child\" data-id=\"26d7e8f6\" data-element_type=\"container\" data-settings=\"{&quot;background_background&quot;:&quot;classic&quot;,&quot;animation&quot;:&quot;fadeInDown&quot;,&quot;animation_delay&quot;:100}\">\n\t\t\t\t<div class=\"elementor-element elementor-element-8a5de8f elementor-widget elementor-widget-heading\" data-id=\"8a5de8f\" data-element_type=\"widget\" data-widget_type=\"heading.default\">\n\t\t\t\t<div class=\"elementor-widget-container\">\n\t\t\t\t\t<h3 class=\"elementor-heading-title elementor-size-default\">El nostre viver<\/h3>\t\t\t\t<\/div>\n\t\t\t\t<\/div>\n\t\t\t\t<div class=\"elementor-element elementor-element-3f3e47de elementor-widget elementor-widget-text-editor\" data-id=\"3f3e47de\" data-element_type=\"widget\" data-widget_type=\"text-editor.default\">\n\t\t\t\t<div class=\"elementor-widget-container\">\n\t\t\t\t\t\t\t\t\tTenim el nostre propi viver on trobareu una gran varietat d&#039;esp\u00e8cies, des d&#039;exterior, interior, flors, arbustos, arbres... Ens font d&#039;un nombre d&#039;esp\u00e8cies conreades amb cura per assegurar-se que cada planta que trieu s&#039;adapti a les seves necessitats i est\u00e0 llest per a prosperar en el seu jard\u00ed. \t\t\t\t\t\t\t\t<\/div>\n\t\t\t\t<\/div>\n\t\t\t\t<\/div>\n\t\t<div class=\"elementor-element elementor-element-3cfb75b e-con-full e-flex elementor-invisible e-con e-child\" data-id=\"3cfb75b\" data-element_type=\"container\" data-settings=\"{&quot;background_background&quot;:&quot;classic&quot;,&quot;animation&quot;:&quot;fadeInDown&quot;,&quot;animation_delay&quot;:100}\">\n\t\t\t\t<div class=\"elementor-element elementor-element-12b2d9fc elementor-widget elementor-widget-heading\" data-id=\"12b2d9fc\" data-element_type=\"widget\" data-widget_type=\"heading.default\">\n\t\t\t\t<div class=\"elementor-widget-container\">\n\t\t\t\t\t<h3 class=\"elementor-heading-title elementor-size-default\">Consells<\/h3>\t\t\t\t<\/div>\n\t\t\t\t<\/div>\n\t\t\t\t<div class=\"elementor-element elementor-element-5002a73a elementor-widget elementor-widget-text-editor\" data-id=\"5002a73a\" data-element_type=\"widget\" data-widget_type=\"text-editor.default\">\n\t\t\t\t<div class=\"elementor-widget-container\">\n\t\t\t\t\t\t\t\t\tLa nostra llarga hist\u00f2ria ens ha donat l&#039;experi\u00e8ncia necess\u00e0ria per saber exactament el que vost\u00e8 est\u00e0 buscant, estem aqu\u00ed per assessorar en l&#039;elecci\u00f3 de les plantes que estan m\u00e9s adaptades al vostre projecte. Si vost\u00e8 est\u00e0 buscant baix manteniment planta perenne flors i arbres fruiters, que li proporcionar\u00e0 valuosa informaci\u00f3 per tal d&#039;assegurar l&#039;\u00e8xit del seu jard\u00ed. \n\t\t\t\t\t\t\t\t<\/div>\n\t\t\t\t<\/div>\n\t\t\t\t<\/div>\n\t\t\t\t\t<\/div>\n\t\t\t\t<\/div>\n\t\t\t\t<\/div>","protected":false},"excerpt":{"rendered":"<p>Venta de plantas Explora y crea con nuestro servicio de venta de plantas para paisajismo y jardiner\u00eda en nuestro vivero Nuestro vivero es m\u00e1s que un simple lugar para adquirir plantas; es un extenso espacio de posibilidades. Nos enorgullece presentar una extensa variedad de plantas, seleccionadas meticulosamente para no s\u00f3lo satisfacer, sino superar todas tus [&hellip;]<\/p>","protected":false},"author":1,"featured_media":0,"parent":0,"menu_order":0,"comment_status":"closed","ping_status":"closed","template":"elementor_header_footer","meta":{"footnotes":""},"class_list":["post-380","page","type-page","status-publish","hentry"],"yoast_head":"<!-- This site is optimized with the Yoast SEO plugin v25.1 - https:\/\/yoast.com\/wordpress\/plugins\/seo\/ -->\n<title>Venta de plantas - Vivers Camp-Rub\u00ed<\/title>\n<meta name=\"robots\" content=\"index, follow, max-snippet:-1, max-image-preview:large, max-video-preview:-1\" \/>\n<link rel=\"canonical\" href=\"https:\/\/camprubijardins.com\/ca\/venta-de-plantas\/\" \/>\n<meta property=\"og:locale\" content=\"ca_ES\" \/>\n<meta property=\"og:type\" content=\"article\" \/>\n<meta property=\"og:title\" content=\"Venta de plantas - Vivers Camp-Rub\u00ed\" \/>\n<meta property=\"og:description\" content=\"Venta de plantas Explora y crea con nuestro servicio de venta de plantas para paisajismo y jardiner\u00eda en nuestro vivero Nuestro vivero es m\u00e1s que un simple lugar para adquirir plantas; es un extenso espacio de posibilidades. Nos enorgullece presentar una extensa variedad de plantas, seleccionadas meticulosamente para no s\u00f3lo satisfacer, sino superar todas tus [&hellip;]\" \/>\n<meta property=\"og:url\" content=\"https:\/\/camprubijardins.com\/ca\/venta-de-plantas\/\" \/>\n<meta property=\"og:site_name\" content=\"Vivers Camp-Rub\u00ed\" \/>\n<meta property=\"article:modified_time\" content=\"2024-03-25T09:40:20+00:00\" \/>\n<meta property=\"og:image\" content=\"https:\/\/camprubijardins.com\/wp-content\/uploads\/2024\/03\/Venda-de-planta-_1_-1024x576.webp\" \/>\n<meta name=\"twitter:card\" content=\"summary_large_image\" \/>\n<meta name=\"twitter:label1\" content=\"Temps estimat de lectura\" \/>\n\t<meta name=\"twitter:data1\" content=\"2 minuts\" \/>\n<script type=\"application\/ld+json\" class=\"yoast-schema-graph\">{\"@context\":\"https:\/\/schema.org\",\"@graph\":[{\"@type\":\"WebPage\",\"@id\":\"https:\/\/camprubijardins.com\/venta-de-plantas\/\",\"url\":\"https:\/\/camprubijardins.com\/venta-de-plantas\/\",\"name\":\"Venta de plantas - Vivers Camp-Rub\u00ed\",\"isPartOf\":{\"@id\":\"https:\/\/camprubijardins.com\/#website\"},\"primaryImageOfPage\":{\"@id\":\"https:\/\/camprubijardins.com\/venta-de-plantas\/#primaryimage\"},\"image\":{\"@id\":\"https:\/\/camprubijardins.com\/venta-de-plantas\/#primaryimage\"},\"thumbnailUrl\":\"https:\/\/camprubijardins.com\/wp-content\/uploads\/2024\/03\/Venda-de-planta-_1_-1024x576.webp\",\"datePublished\":\"2024-03-07T07:30:24+00:00\",\"dateModified\":\"2024-03-25T09:40:20+00:00\",\"breadcrumb\":{\"@id\":\"https:\/\/camprubijardins.com\/venta-de-plantas\/#breadcrumb\"},\"inLanguage\":\"ca\",\"potentialAction\":[{\"@type\":\"ReadAction\",\"target\":[\"https:\/\/camprubijardins.com\/venta-de-plantas\/\"]}]},{\"@type\":\"ImageObject\",\"inLanguage\":\"ca\",\"@id\":\"https:\/\/camprubijardins.com\/venta-de-plantas\/#primaryimage\",\"url\":\"https:\/\/camprubijardins.com\/wp-content\/uploads\/2024\/03\/Venda-de-planta-_1_-1024x576.webp\",\"contentUrl\":\"https:\/\/camprubijardins.com\/wp-content\/uploads\/2024\/03\/Venda-de-planta-_1_-1024x576.webp\"},{\"@type\":\"BreadcrumbList\",\"@id\":\"https:\/\/camprubijardins.com\/venta-de-plantas\/#breadcrumb\",\"itemListElement\":[{\"@type\":\"ListItem\",\"position\":1,\"name\":\"Portada\",\"item\":\"https:\/\/camprubijardins.com\/\"},{\"@type\":\"ListItem\",\"position\":2,\"name\":\"Venta de plantas\"}]},{\"@type\":\"WebSite\",\"@id\":\"https:\/\/camprubijardins.com\/#website\",\"url\":\"https:\/\/camprubijardins.com\/\",\"name\":\"Vivers camp-rubi\",\"description\":\"\",\"publisher\":{\"@id\":\"https:\/\/camprubijardins.com\/#organization\"},\"potentialAction\":[{\"@type\":\"SearchAction\",\"target\":{\"@type\":\"EntryPoint\",\"urlTemplate\":\"https:\/\/camprubijardins.com\/?s={search_term_string}\"},\"query-input\":{\"@type\":\"PropertyValueSpecification\",\"valueRequired\":true,\"valueName\":\"search_term_string\"}}],\"inLanguage\":\"ca\"},{\"@type\":\"Organization\",\"@id\":\"https:\/\/camprubijardins.com\/#organization\",\"name\":\"Vivers camp-rubi\",\"url\":\"https:\/\/camprubijardins.com\/\",\"logo\":{\"@type\":\"ImageObject\",\"inLanguage\":\"ca\",\"@id\":\"https:\/\/camprubijardins.com\/#\/schema\/logo\/image\/\",\"url\":\"https:\/\/camprubijardins.com\/wp-content\/uploads\/2024\/03\/1-1.png\",\"contentUrl\":\"https:\/\/camprubijardins.com\/wp-content\/uploads\/2024\/03\/1-1.png\",\"width\":1920,\"height\":1080,\"caption\":\"Vivers camp-rubi\"},\"image\":{\"@id\":\"https:\/\/camprubijardins.com\/#\/schema\/logo\/image\/\"}}]}<\/script>\n<!-- \/ Yoast SEO plugin. -->","yoast_head_json":{"title":"Venta de plantas - Vivers Camp-Rub\u00ed","robots":{"index":"index","follow":"follow","max-snippet":"max-snippet:-1","max-image-preview":"max-image-preview:large","max-video-preview":"max-video-preview:-1"},"canonical":"https:\/\/camprubijardins.com\/ca\/venta-de-plantas\/","og_locale":"ca_ES","og_type":"article","og_title":"Venta de plantas - Vivers Camp-Rub\u00ed","og_description":"Venta de plantas Explora y crea con nuestro servicio de venta de plantas para paisajismo y jardiner\u00eda en nuestro vivero Nuestro vivero es m\u00e1s que un simple lugar para adquirir plantas; es un extenso espacio de posibilidades. Nos enorgullece presentar una extensa variedad de plantas, seleccionadas meticulosamente para no s\u00f3lo satisfacer, sino superar todas tus [&hellip;]","og_url":"https:\/\/camprubijardins.com\/ca\/venta-de-plantas\/","og_site_name":"Vivers Camp-Rub\u00ed","article_modified_time":"2024-03-25T09:40:20+00:00","og_image":[{"url":"https:\/\/camprubijardins.com\/wp-content\/uploads\/2024\/03\/Venda-de-planta-_1_-1024x576.webp","type":"","width":"","height":""}],"twitter_card":"summary_large_image","twitter_misc":{"Temps estimat de lectura":"2 minuts"},"schema":{"@context":"https:\/\/schema.org","@graph":[{"@type":"WebPage","@id":"https:\/\/camprubijardins.com\/venta-de-plantas\/","url":"https:\/\/camprubijardins.com\/venta-de-plantas\/","name":"Venta de plantas - Vivers Camp-Rub\u00ed","isPartOf":{"@id":"https:\/\/camprubijardins.com\/#website"},"primaryImageOfPage":{"@id":"https:\/\/camprubijardins.com\/venta-de-plantas\/#primaryimage"},"image":{"@id":"https:\/\/camprubijardins.com\/venta-de-plantas\/#primaryimage"},"thumbnailUrl":"https:\/\/camprubijardins.com\/wp-content\/uploads\/2024\/03\/Venda-de-planta-_1_-1024x576.webp","datePublished":"2024-03-07T07:30:24+00:00","dateModified":"2024-03-25T09:40:20+00:00","breadcrumb":{"@id":"https:\/\/camprubijardins.com\/venta-de-plantas\/#breadcrumb"},"inLanguage":"ca","potentialAction":[{"@type":"ReadAction","target":["https:\/\/camprubijardins.com\/venta-de-plantas\/"]}]},{"@type":"ImageObject","inLanguage":"ca","@id":"https:\/\/camprubijardins.com\/venta-de-plantas\/#primaryimage","url":"https:\/\/camprubijardins.com\/wp-content\/uploads\/2024\/03\/Venda-de-planta-_1_-1024x576.webp","contentUrl":"https:\/\/camprubijardins.com\/wp-content\/uploads\/2024\/03\/Venda-de-planta-_1_-1024x576.webp"},{"@type":"BreadcrumbList","@id":"https:\/\/camprubijardins.com\/venta-de-plantas\/#breadcrumb","itemListElement":[{"@type":"ListItem","position":1,"name":"Portada","item":"https:\/\/camprubijardins.com\/"},{"@type":"ListItem","position":2,"name":"Venta de plantas"}]},{"@type":"WebSite","@id":"https:\/\/camprubijardins.com\/#website","url":"https:\/\/camprubijardins.com\/","name":"Vivers camp-rubi","description":"","publisher":{"@id":"https:\/\/camprubijardins.com\/#organization"},"potentialAction":[{"@type":"SearchAction","target":{"@type":"EntryPoint","urlTemplate":"https:\/\/camprubijardins.com\/?s={search_term_string}"},"query-input":{"@type":"PropertyValueSpecification","valueRequired":true,"valueName":"search_term_string"}}],"inLanguage":"ca"},{"@type":"Organization","@id":"https:\/\/camprubijardins.com\/#organization","name":"Vivers camp-rubi","url":"https:\/\/camprubijardins.com\/","logo":{"@type":"ImageObject","inLanguage":"ca","@id":"https:\/\/camprubijardins.com\/#\/schema\/logo\/image\/","url":"https:\/\/camprubijardins.com\/wp-content\/uploads\/2024\/03\/1-1.png","contentUrl":"https:\/\/camprubijardins.com\/wp-content\/uploads\/2024\/03\/1-1.png","width":1920,"height":1080,"caption":"Vivers camp-rubi"},"image":{"@id":"https:\/\/camprubijardins.com\/#\/schema\/logo\/image\/"}}]}},"_links":{"self":[{"href":"https:\/\/camprubijardins.com\/ca\/wp-json\/wp\/v2\/pages\/380","targetHints":{"allow":["GET"]}}],"collection":[{"href":"https:\/\/camprubijardins.com\/ca\/wp-json\/wp\/v2\/pages"}],"about":[{"href":"https:\/\/camprubijardins.com\/ca\/wp-json\/wp\/v2\/types\/page"}],"author":[{"embeddable":true,"href":"https:\/\/camprubijardins.com\/ca\/wp-json\/wp\/v2\/users\/1"}],"replies":[{"embeddable":true,"href":"https:\/\/camprubijardins.com\/ca\/wp-json\/wp\/v2\/comments?post=380"}],"version-history":[{"count":43,"href":"https:\/\/camprubijardins.com\/ca\/wp-json\/wp\/v2\/pages\/380\/revisions"}],"predecessor-version":[{"id":1190,"href":"https:\/\/camprubijardins.com\/ca\/wp-json\/wp\/v2\/pages\/380\/revisions\/1190"}],"wp:attachment":[{"href":"https:\/\/camprubijardins.com\/ca\/wp-json\/wp\/v2\/media?parent=380"}],"curies":[{"name":"wp","href":"https:\/\/api.w.org\/{rel}","templated":true}]}}