{"id":339,"date":"2024-03-07T06:05:18","date_gmt":"2024-03-07T06:05:18","guid":{"rendered":"https:\/\/camprubijardins.com\/?page_id=339"},"modified":"2024-03-25T09:38:50","modified_gmt":"2024-03-25T09:38:50","slug":"mantenimiento","status":"publish","type":"page","link":"https:\/\/camprubijardins.com\/ca\/mantenimiento\/","title":{"rendered":"Manteniment"},"content":{"rendered":"<div data-elementor-type=\"wp-page\" data-elementor-id=\"339\" class=\"elementor elementor-339\" data-elementor-post-type=\"page\">\n\t\t\t\t<div class=\"elementor-element elementor-element-77d9e1a2 e-con-full e-flex elementor-invisible e-con e-parent\" data-id=\"77d9e1a2\" data-element_type=\"container\" data-settings=\"{&quot;background_background&quot;:&quot;classic&quot;,&quot;animation&quot;:&quot;fadeIn&quot;}\">\n\t\t\t\t<div class=\"elementor-element elementor-element-225487e6 elementor-invisible elementor-widget elementor-widget-heading\" data-id=\"225487e6\" data-element_type=\"widget\" data-settings=\"{&quot;_animation&quot;:&quot;fadeInDown&quot;}\" data-widget_type=\"heading.default\">\n\t\t\t\t<div class=\"elementor-widget-container\">\n\t\t\t\t\t<h1 class=\"elementor-heading-title elementor-size-default\">Manteniment<\/h1>\t\t\t\t<\/div>\n\t\t\t\t<\/div>\n\t\t\t\t<\/div>\n\t\t<div class=\"elementor-element elementor-element-2c7a333 e-flex e-con-boxed elementor-invisible e-con e-parent\" data-id=\"2c7a333\" data-element_type=\"container\" data-settings=\"{&quot;background_background&quot;:&quot;classic&quot;,&quot;animation&quot;:&quot;fadeIn&quot;}\">\n\t\t\t\t\t<div class=\"e-con-inner\">\n\t\t\t\t<div class=\"elementor-element elementor-element-5f781c9 elementor-invisible elementor-widget elementor-widget-heading\" data-id=\"5f781c9\" data-element_type=\"widget\" data-settings=\"{&quot;_animation&quot;:&quot;fadeInDown&quot;}\" data-widget_type=\"heading.default\">\n\t\t\t\t<div class=\"elementor-widget-container\">\n\t\t\t\t\t<h2 class=\"elementor-heading-title elementor-size-default\">Per a la cura de la natura, manteniment experts de plantes i arbres\n<\/h2>\t\t\t\t<\/div>\n\t\t\t\t<\/div>\n\t\t\t\t\t<\/div>\n\t\t\t\t<\/div>\n\t\t<div class=\"elementor-element elementor-element-b78b132 e-flex e-con-boxed e-con e-parent\" data-id=\"b78b132\" data-element_type=\"container\">\n\t\t\t\t\t<div class=\"e-con-inner\">\n\t\t<div class=\"elementor-element elementor-element-9dcfc1d e-con-full e-flex e-con e-child\" data-id=\"9dcfc1d\" data-element_type=\"container\">\n\t\t\t\t<div class=\"elementor-element elementor-element-bf4d832 elementor-invisible elementor-widget elementor-widget-text-editor\" data-id=\"bf4d832\" data-element_type=\"widget\" data-settings=\"{&quot;_animation&quot;:&quot;fadeIn&quot;}\" data-widget_type=\"text-editor.default\">\n\t\t\t\t<div class=\"elementor-widget-container\">\n\t\t\t\t\t\t\t\t\t<p>En Vivers Camp-Rub\u00ed, el nostre comprom\u00eds va m\u00e9s enll\u00e0 de la simple plantaci\u00f3, estem dedicats a conservar i embellir el seu espai verd al llarg del temps. La nostra gamma completa de serveis de manteniment van des de un examen detallat de la terra a l&#039;atenci\u00f3 especialitzada de cada planta, tenint en compte les condicions clim\u00e0tiques i de les caracter\u00edstiques espec\u00edfiques pr\u00e8viament examinada seu entorn.<\/p><p>Vam comen\u00e7ar cada projecte amb una an\u00e0lisi exhaustiva de la terra. Vam estudiar les peculiaritats de la terra, variacions clim\u00e0tiques i de les caracter\u00edstiques espec\u00edfiques de l&#039;entorn, que ens permet de comprendre en profunditat les necessitats espec\u00edfiques del seu jard\u00ed. Aquest enfocament proactiu ens proporciona una base s\u00f2lida per a la planificaci\u00f3 i l&#039;execuci\u00f3 d&#039;un costum manteniment i efectiu.<\/p>\t\t\t\t\t\t\t\t<\/div>\n\t\t\t\t<\/div>\n\t\t\t\t<\/div>\n\t\t<div class=\"elementor-element elementor-element-554068e e-con-full e-flex e-con e-child\" data-id=\"554068e\" data-element_type=\"container\">\n\t\t\t\t<div class=\"elementor-element elementor-element-1f3e99e elementor-invisible elementor-widget elementor-widget-image\" data-id=\"1f3e99e\" data-element_type=\"widget\" data-settings=\"{&quot;_animation&quot;:&quot;fadeInDown&quot;}\" data-widget_type=\"image.default\">\n\t\t\t\t<div class=\"elementor-widget-container\">\n\t\t\t\t\t\t\t\t\t\t\t\t\t\t\t<img fetchpriority=\"high\" decoding=\"async\" width=\"800\" height=\"450\" src=\"https:\/\/camprubijardins.com\/wp-content\/uploads\/2024\/03\/Manteniment-de-jatdins-1024x576.webp\" class=\"attachment-large size-large wp-image-543\" alt=\"Camp rubi mantenimiento de jardines 2\" srcset=\"https:\/\/camprubijardins.com\/wp-content\/uploads\/2024\/03\/Manteniment-de-jatdins-1024x576.webp 1024w, https:\/\/camprubijardins.com\/wp-content\/uploads\/2024\/03\/Manteniment-de-jatdins-300x169.webp 300w, https:\/\/camprubijardins.com\/wp-content\/uploads\/2024\/03\/Manteniment-de-jatdins-768x432.webp 768w, https:\/\/camprubijardins.com\/wp-content\/uploads\/2024\/03\/Manteniment-de-jatdins.webp 1400w\" sizes=\"(max-width: 800px) 100vw, 800px\" \/>\t\t\t\t\t\t\t\t\t\t\t\t\t\t\t<\/div>\n\t\t\t\t<\/div>\n\t\t\t\t<\/div>\n\t\t\t\t\t<\/div>\n\t\t\t\t<\/div>\n\t\t<div class=\"elementor-element elementor-element-80fce56 e-flex e-con-boxed e-con e-parent\" data-id=\"80fce56\" data-element_type=\"container\">\n\t\t\t\t\t<div class=\"e-con-inner\">\n\t\t<div class=\"elementor-element elementor-element-3b5d5f2 e-con-full e-flex e-con e-child\" data-id=\"3b5d5f2\" data-element_type=\"container\">\n\t\t\t\t<div class=\"elementor-element elementor-element-99bd3c8 elementor-invisible elementor-widget elementor-widget-image\" data-id=\"99bd3c8\" data-element_type=\"widget\" data-settings=\"{&quot;_animation&quot;:&quot;fadeInDown&quot;}\" data-widget_type=\"image.default\">\n\t\t\t\t<div class=\"elementor-widget-container\">\n\t\t\t\t\t\t\t\t\t\t\t\t\t\t\t<img decoding=\"async\" width=\"800\" height=\"450\" src=\"https:\/\/camprubijardins.com\/wp-content\/uploads\/2024\/03\/Manteniment-de-jardins-1024x576.webp\" class=\"attachment-large size-large wp-image-542\" alt=\"Camp rubi mantenimiento de jardines\" srcset=\"https:\/\/camprubijardins.com\/wp-content\/uploads\/2024\/03\/Manteniment-de-jardins-1024x576.webp 1024w, https:\/\/camprubijardins.com\/wp-content\/uploads\/2024\/03\/Manteniment-de-jardins-300x169.webp 300w, https:\/\/camprubijardins.com\/wp-content\/uploads\/2024\/03\/Manteniment-de-jardins-768x432.webp 768w, https:\/\/camprubijardins.com\/wp-content\/uploads\/2024\/03\/Manteniment-de-jardins.webp 1400w\" sizes=\"(max-width: 800px) 100vw, 800px\" \/>\t\t\t\t\t\t\t\t\t\t\t\t\t\t\t<\/div>\n\t\t\t\t<\/div>\n\t\t\t\t<\/div>\n\t\t<div class=\"elementor-element elementor-element-4b50291 e-con-full e-flex e-con e-child\" data-id=\"4b50291\" data-element_type=\"container\">\n\t\t\t\t<div class=\"elementor-element elementor-element-e3c3625 elementor-invisible elementor-widget elementor-widget-text-editor\" data-id=\"e3c3625\" data-element_type=\"widget\" data-settings=\"{&quot;_animation&quot;:&quot;fadeIn&quot;}\" data-widget_type=\"text-editor.default\">\n\t\t\t\t<div class=\"elementor-widget-container\">\n\t\t\t\t\t\t\t\t\t<p>El nostre equip d&#039;experts en la jardineria, no nom\u00e9s fa tasques de rutina, per\u00f2 que implementa un control de la poda estrat\u00e8gic. Aquest enfocament se centra a potenciar el creixement saludable de les plantes, a la vegada que es t\u00e9 cura de l&#039;est\u00e8tica global del jard\u00ed. A m\u00e9s a m\u00e9s, la nostra control de plagues garantir la salut i la vitalitat de les plantes sense comprometre l&#039;equilibri de l&#039;ecosistema.<\/p><p>Entenem que cada temporada presenta reptes, i \u00e9s per aix\u00f2 que el nostre servei de manteniment est\u00e0 dissenyat per adaptar-se a les condicions canviants de l&#039;entorn. Des de la preparaci\u00f3 del s\u00f2l en la primavera fins a la protecci\u00f3 contra el fred a l&#039;hivern, ens assegurem que el seu jard\u00ed mirant exuberant en totes les estacions de l&#039;any.<\/p>\t\t\t\t\t\t\t\t<\/div>\n\t\t\t\t<\/div>\n\t\t\t\t<\/div>\n\t\t\t\t\t<\/div>\n\t\t\t\t<\/div>\n\t\t<div class=\"elementor-element elementor-element-c61d196 e-flex e-con-boxed e-con e-parent\" data-id=\"c61d196\" data-element_type=\"container\">\n\t\t\t\t\t<div class=\"e-con-inner\">\n\t\t\t\t<div class=\"elementor-element elementor-element-e344f71 elementor-widget elementor-widget-text-editor\" data-id=\"e344f71\" data-element_type=\"widget\" data-widget_type=\"text-editor.default\">\n\t\t\t\t<div class=\"elementor-widget-container\">\n\t\t\t\t\t\t\t\t\t<p>Descobrir la difer\u00e8ncia de manteniment integral que reflecteix la nostra passi\u00f3 per la jardineria i el comprom\u00eds.<\/p>\t\t\t\t\t\t\t\t<\/div>\n\t\t\t\t<\/div>\n\t\t\t\t<div class=\"elementor-element elementor-element-7eb474b elementor-invisible elementor-widget elementor-widget-heading\" data-id=\"7eb474b\" data-element_type=\"widget\" data-settings=\"{&quot;_animation&quot;:&quot;fadeInDown&quot;}\" data-widget_type=\"heading.default\">\n\t\t\t\t<div class=\"elementor-widget-container\">\n\t\t\t\t\t<h2 class=\"elementor-heading-title elementor-size-default\">Caracter\u00edstiques destacables del nostre servei de manteniment\n<\/h2>\t\t\t\t<\/div>\n\t\t\t\t<\/div>\n\t\t\t\t\t<\/div>\n\t\t\t\t<\/div>\n\t\t<div class=\"elementor-element elementor-element-7e688ea6 e-flex e-con-boxed e-con e-parent\" data-id=\"7e688ea6\" data-element_type=\"container\">\n\t\t\t\t\t<div class=\"e-con-inner\">\n\t\t<div class=\"elementor-element elementor-element-2ca17294 e-con-full e-flex elementor-invisible e-con e-child\" data-id=\"2ca17294\" data-element_type=\"container\" data-settings=\"{&quot;background_background&quot;:&quot;classic&quot;,&quot;animation&quot;:&quot;fadeInDown&quot;,&quot;animation_delay&quot;:100}\">\n\t\t\t\t<div class=\"elementor-element elementor-element-4b7989e6 elementor-widget elementor-widget-heading\" data-id=\"4b7989e6\" data-element_type=\"widget\" data-widget_type=\"heading.default\">\n\t\t\t\t<div class=\"elementor-widget-container\">\n\t\t\t\t\t<h3 class=\"elementor-heading-title elementor-size-default\">Control De Males Herbes<\/h3>\t\t\t\t<\/div>\n\t\t\t\t<\/div>\n\t\t\t\t<div class=\"elementor-element elementor-element-43749612 elementor-widget elementor-widget-text-editor\" data-id=\"43749612\" data-element_type=\"widget\" data-widget_type=\"text-editor.default\">\n\t\t\t\t<div class=\"elementor-widget-container\">\n\t\t\t\t\t\t\t\t\t\u00c9s imprescindible per mantenir el jard\u00ed lliure de males herbes, ja que competeixen amb les plantes per a que els nutrients i l&#039;aigua. Seguiment Regular ajuda a mantenir l&#039;aparen\u00e7a est\u00e8tica i la salut de les plantes.\n\t\t\t\t\t\t\t\t<\/div>\n\t\t\t\t<\/div>\n\t\t\t\t<\/div>\n\t\t<div class=\"elementor-element elementor-element-1e2e301 e-con-full e-flex elementor-invisible e-con e-child\" data-id=\"1e2e301\" data-element_type=\"container\" data-settings=\"{&quot;background_background&quot;:&quot;classic&quot;,&quot;animation&quot;:&quot;fadeInDown&quot;,&quot;animation_delay&quot;:100}\">\n\t\t\t\t<div class=\"elementor-element elementor-element-956e915 elementor-widget elementor-widget-heading\" data-id=\"956e915\" data-element_type=\"widget\" data-widget_type=\"heading.default\">\n\t\t\t\t<div class=\"elementor-widget-container\">\n\t\t\t\t\t<h3 class=\"elementor-heading-title elementor-size-default\">Selecci\u00f3 Adequada de les Plantes<\/h3>\t\t\t\t<\/div>\n\t\t\t\t<\/div>\n\t\t\t\t<div class=\"elementor-element elementor-element-20280f2 elementor-widget elementor-widget-text-editor\" data-id=\"20280f2\" data-element_type=\"widget\" data-widget_type=\"text-editor.default\">\n\t\t\t\t<div class=\"elementor-widget-container\">\n\t\t\t\t\t\t\t\t\tSeleccionem acuradament les plantes que estan adaptades al clima local i les espec\u00edfiques de terra del seu jard\u00ed per tant contribuir de manera significativa a l&#039;\u00e8xit de la jardineria i facilitar el manteniment a llarg termini.\n\t\t\t\t\t\t\t\t<\/div>\n\t\t\t\t<\/div>\n\t\t\t\t<\/div>\n\t\t<div class=\"elementor-element elementor-element-15222cd0 e-con-full e-flex elementor-invisible e-con e-child\" data-id=\"15222cd0\" data-element_type=\"container\" data-settings=\"{&quot;background_background&quot;:&quot;classic&quot;,&quot;animation&quot;:&quot;fadeInDown&quot;,&quot;animation_delay&quot;:100}\">\n\t\t\t\t<div class=\"elementor-element elementor-element-598441b2 elementor-widget elementor-widget-heading\" data-id=\"598441b2\" data-element_type=\"widget\" data-widget_type=\"heading.default\">\n\t\t\t\t<div class=\"elementor-widget-container\">\n\t\t\t\t\t<h3 class=\"elementor-heading-title elementor-size-default\">Orientaci\u00f3 i assessorament<\/h3>\t\t\t\t<\/div>\n\t\t\t\t<\/div>\n\t\t\t\t<div class=\"elementor-element elementor-element-19816db elementor-widget elementor-widget-text-editor\" data-id=\"19816db\" data-element_type=\"widget\" data-widget_type=\"text-editor.default\">\n\t\t\t\t<div class=\"elementor-widget-container\">\n\t\t\t\t\t\t\t\t\tOferir orientaci\u00f3 i assessorament espec\u00edfic sobre com atendre adequadament a les plantes i el paisatge entre el manteniment de les visites.\t\t\t\t\t\t\t\t<\/div>\n\t\t\t\t<\/div>\n\t\t\t\t<\/div>\n\t\t\t\t\t<\/div>\n\t\t\t\t<\/div>\n\t\t\t\t<\/div>","protected":false},"excerpt":{"rendered":"<p>Mantenimiento Cuidando la naturaleza, mantenimiento expertos de plantas y \u00e1rboles En Vivers Camp-Rub\u00ed, nuestro compromiso va m\u00e1s all\u00e1 de la simple siembra, nos dedicamos a preservar y embellecer tus espacios verdes a lo largo del tiempo. Nuestra gama completa de servicios de mantenimiento abarca desde una detallada examinaci\u00f3n del terreno hasta el cuidado especializado de [&hellip;]<\/p>","protected":false},"author":1,"featured_media":0,"parent":0,"menu_order":0,"comment_status":"closed","ping_status":"closed","template":"elementor_header_footer","meta":{"footnotes":""},"class_list":["post-339","page","type-page","status-publish","hentry"],"yoast_head":"<!-- This site is optimized with the Yoast SEO plugin v25.1 - https:\/\/yoast.com\/wordpress\/plugins\/seo\/ -->\n<title>Mantenimiento - Vivers Camp-Rub\u00ed<\/title>\n<meta name=\"robots\" content=\"index, follow, max-snippet:-1, max-image-preview:large, max-video-preview:-1\" \/>\n<link rel=\"canonical\" href=\"https:\/\/camprubijardins.com\/ca\/mantenimiento\/\" \/>\n<meta property=\"og:locale\" content=\"ca_ES\" \/>\n<meta property=\"og:type\" content=\"article\" \/>\n<meta property=\"og:title\" content=\"Mantenimiento - Vivers Camp-Rub\u00ed\" \/>\n<meta property=\"og:description\" content=\"Mantenimiento Cuidando la naturaleza, mantenimiento expertos de plantas y \u00e1rboles En Vivers Camp-Rub\u00ed, nuestro compromiso va m\u00e1s all\u00e1 de la simple siembra, nos dedicamos a preservar y embellecer tus espacios verdes a lo largo del tiempo. Nuestra gama completa de servicios de mantenimiento abarca desde una detallada examinaci\u00f3n del terreno hasta el cuidado especializado de [&hellip;]\" \/>\n<meta property=\"og:url\" content=\"https:\/\/camprubijardins.com\/ca\/mantenimiento\/\" \/>\n<meta property=\"og:site_name\" content=\"Vivers Camp-Rub\u00ed\" \/>\n<meta property=\"article:modified_time\" content=\"2024-03-25T09:38:50+00:00\" \/>\n<meta property=\"og:image\" content=\"https:\/\/camprubijardins.com\/wp-content\/uploads\/2024\/03\/Manteniment-de-jatdins-1024x576.webp\" \/>\n<meta name=\"twitter:card\" content=\"summary_large_image\" \/>\n<meta name=\"twitter:label1\" content=\"Temps estimat de lectura\" \/>\n\t<meta name=\"twitter:data1\" content=\"3 minuts\" \/>\n<script type=\"application\/ld+json\" class=\"yoast-schema-graph\">{\"@context\":\"https:\/\/schema.org\",\"@graph\":[{\"@type\":\"WebPage\",\"@id\":\"https:\/\/camprubijardins.com\/mantenimiento\/\",\"url\":\"https:\/\/camprubijardins.com\/mantenimiento\/\",\"name\":\"Mantenimiento - Vivers Camp-Rub\u00ed\",\"isPartOf\":{\"@id\":\"https:\/\/camprubijardins.com\/#website\"},\"primaryImageOfPage\":{\"@id\":\"https:\/\/camprubijardins.com\/mantenimiento\/#primaryimage\"},\"image\":{\"@id\":\"https:\/\/camprubijardins.com\/mantenimiento\/#primaryimage\"},\"thumbnailUrl\":\"https:\/\/camprubijardins.com\/wp-content\/uploads\/2024\/03\/Manteniment-de-jatdins-1024x576.webp\",\"datePublished\":\"2024-03-07T06:05:18+00:00\",\"dateModified\":\"2024-03-25T09:38:50+00:00\",\"breadcrumb\":{\"@id\":\"https:\/\/camprubijardins.com\/mantenimiento\/#breadcrumb\"},\"inLanguage\":\"ca\",\"potentialAction\":[{\"@type\":\"ReadAction\",\"target\":[\"https:\/\/camprubijardins.com\/mantenimiento\/\"]}]},{\"@type\":\"ImageObject\",\"inLanguage\":\"ca\",\"@id\":\"https:\/\/camprubijardins.com\/mantenimiento\/#primaryimage\",\"url\":\"https:\/\/camprubijardins.com\/wp-content\/uploads\/2024\/03\/Manteniment-de-jatdins-1024x576.webp\",\"contentUrl\":\"https:\/\/camprubijardins.com\/wp-content\/uploads\/2024\/03\/Manteniment-de-jatdins-1024x576.webp\"},{\"@type\":\"BreadcrumbList\",\"@id\":\"https:\/\/camprubijardins.com\/mantenimiento\/#breadcrumb\",\"itemListElement\":[{\"@type\":\"ListItem\",\"position\":1,\"name\":\"Portada\",\"item\":\"https:\/\/camprubijardins.com\/\"},{\"@type\":\"ListItem\",\"position\":2,\"name\":\"Mantenimiento\"}]},{\"@type\":\"WebSite\",\"@id\":\"https:\/\/camprubijardins.com\/#website\",\"url\":\"https:\/\/camprubijardins.com\/\",\"name\":\"Vivers camp-rubi\",\"description\":\"\",\"publisher\":{\"@id\":\"https:\/\/camprubijardins.com\/#organization\"},\"potentialAction\":[{\"@type\":\"SearchAction\",\"target\":{\"@type\":\"EntryPoint\",\"urlTemplate\":\"https:\/\/camprubijardins.com\/?s={search_term_string}\"},\"query-input\":{\"@type\":\"PropertyValueSpecification\",\"valueRequired\":true,\"valueName\":\"search_term_string\"}}],\"inLanguage\":\"ca\"},{\"@type\":\"Organization\",\"@id\":\"https:\/\/camprubijardins.com\/#organization\",\"name\":\"Vivers camp-rubi\",\"url\":\"https:\/\/camprubijardins.com\/\",\"logo\":{\"@type\":\"ImageObject\",\"inLanguage\":\"ca\",\"@id\":\"https:\/\/camprubijardins.com\/#\/schema\/logo\/image\/\",\"url\":\"https:\/\/camprubijardins.com\/wp-content\/uploads\/2024\/03\/1-1.png\",\"contentUrl\":\"https:\/\/camprubijardins.com\/wp-content\/uploads\/2024\/03\/1-1.png\",\"width\":1920,\"height\":1080,\"caption\":\"Vivers camp-rubi\"},\"image\":{\"@id\":\"https:\/\/camprubijardins.com\/#\/schema\/logo\/image\/\"}}]}<\/script>\n<!-- \/ Yoast SEO plugin. -->","yoast_head_json":{"title":"Mantenimiento - Vivers Camp-Rub\u00ed","robots":{"index":"index","follow":"follow","max-snippet":"max-snippet:-1","max-image-preview":"max-image-preview:large","max-video-preview":"max-video-preview:-1"},"canonical":"https:\/\/camprubijardins.com\/ca\/mantenimiento\/","og_locale":"ca_ES","og_type":"article","og_title":"Mantenimiento - Vivers Camp-Rub\u00ed","og_description":"Mantenimiento Cuidando la naturaleza, mantenimiento expertos de plantas y \u00e1rboles En Vivers Camp-Rub\u00ed, nuestro compromiso va m\u00e1s all\u00e1 de la simple siembra, nos dedicamos a preservar y embellecer tus espacios verdes a lo largo del tiempo. Nuestra gama completa de servicios de mantenimiento abarca desde una detallada examinaci\u00f3n del terreno hasta el cuidado especializado de [&hellip;]","og_url":"https:\/\/camprubijardins.com\/ca\/mantenimiento\/","og_site_name":"Vivers Camp-Rub\u00ed","article_modified_time":"2024-03-25T09:38:50+00:00","og_image":[{"url":"https:\/\/camprubijardins.com\/wp-content\/uploads\/2024\/03\/Manteniment-de-jatdins-1024x576.webp","type":"","width":"","height":""}],"twitter_card":"summary_large_image","twitter_misc":{"Temps estimat de lectura":"3 minuts"},"schema":{"@context":"https:\/\/schema.org","@graph":[{"@type":"WebPage","@id":"https:\/\/camprubijardins.com\/mantenimiento\/","url":"https:\/\/camprubijardins.com\/mantenimiento\/","name":"Mantenimiento - Vivers Camp-Rub\u00ed","isPartOf":{"@id":"https:\/\/camprubijardins.com\/#website"},"primaryImageOfPage":{"@id":"https:\/\/camprubijardins.com\/mantenimiento\/#primaryimage"},"image":{"@id":"https:\/\/camprubijardins.com\/mantenimiento\/#primaryimage"},"thumbnailUrl":"https:\/\/camprubijardins.com\/wp-content\/uploads\/2024\/03\/Manteniment-de-jatdins-1024x576.webp","datePublished":"2024-03-07T06:05:18+00:00","dateModified":"2024-03-25T09:38:50+00:00","breadcrumb":{"@id":"https:\/\/camprubijardins.com\/mantenimiento\/#breadcrumb"},"inLanguage":"ca","potentialAction":[{"@type":"ReadAction","target":["https:\/\/camprubijardins.com\/mantenimiento\/"]}]},{"@type":"ImageObject","inLanguage":"ca","@id":"https:\/\/camprubijardins.com\/mantenimiento\/#primaryimage","url":"https:\/\/camprubijardins.com\/wp-content\/uploads\/2024\/03\/Manteniment-de-jatdins-1024x576.webp","contentUrl":"https:\/\/camprubijardins.com\/wp-content\/uploads\/2024\/03\/Manteniment-de-jatdins-1024x576.webp"},{"@type":"BreadcrumbList","@id":"https:\/\/camprubijardins.com\/mantenimiento\/#breadcrumb","itemListElement":[{"@type":"ListItem","position":1,"name":"Portada","item":"https:\/\/camprubijardins.com\/"},{"@type":"ListItem","position":2,"name":"Mantenimiento"}]},{"@type":"WebSite","@id":"https:\/\/camprubijardins.com\/#website","url":"https:\/\/camprubijardins.com\/","name":"Vivers camp-rubi","description":"","publisher":{"@id":"https:\/\/camprubijardins.com\/#organization"},"potentialAction":[{"@type":"SearchAction","target":{"@type":"EntryPoint","urlTemplate":"https:\/\/camprubijardins.com\/?s={search_term_string}"},"query-input":{"@type":"PropertyValueSpecification","valueRequired":true,"valueName":"search_term_string"}}],"inLanguage":"ca"},{"@type":"Organization","@id":"https:\/\/camprubijardins.com\/#organization","name":"Vivers camp-rubi","url":"https:\/\/camprubijardins.com\/","logo":{"@type":"ImageObject","inLanguage":"ca","@id":"https:\/\/camprubijardins.com\/#\/schema\/logo\/image\/","url":"https:\/\/camprubijardins.com\/wp-content\/uploads\/2024\/03\/1-1.png","contentUrl":"https:\/\/camprubijardins.com\/wp-content\/uploads\/2024\/03\/1-1.png","width":1920,"height":1080,"caption":"Vivers camp-rubi"},"image":{"@id":"https:\/\/camprubijardins.com\/#\/schema\/logo\/image\/"}}]}},"_links":{"self":[{"href":"https:\/\/camprubijardins.com\/ca\/wp-json\/wp\/v2\/pages\/339","targetHints":{"allow":["GET"]}}],"collection":[{"href":"https:\/\/camprubijardins.com\/ca\/wp-json\/wp\/v2\/pages"}],"about":[{"href":"https:\/\/camprubijardins.com\/ca\/wp-json\/wp\/v2\/types\/page"}],"author":[{"embeddable":true,"href":"https:\/\/camprubijardins.com\/ca\/wp-json\/wp\/v2\/users\/1"}],"replies":[{"embeddable":true,"href":"https:\/\/camprubijardins.com\/ca\/wp-json\/wp\/v2\/comments?post=339"}],"version-history":[{"count":40,"href":"https:\/\/camprubijardins.com\/ca\/wp-json\/wp\/v2\/pages\/339\/revisions"}],"predecessor-version":[{"id":1187,"href":"https:\/\/camprubijardins.com\/ca\/wp-json\/wp\/v2\/pages\/339\/revisions\/1187"}],"wp:attachment":[{"href":"https:\/\/camprubijardins.com\/ca\/wp-json\/wp\/v2\/media?parent=339"}],"curies":[{"name":"wp","href":"https:\/\/api.w.org\/{rel}","templated":true}]}}