{"id":337,"date":"2024-03-07T06:04:48","date_gmt":"2024-03-07T06:04:48","guid":{"rendered":"https:\/\/camprubijardins.com\/?page_id=337"},"modified":"2024-03-25T09:37:11","modified_gmt":"2024-03-25T09:37:11","slug":"jardineria","status":"publish","type":"page","link":"https:\/\/camprubijardins.com\/ca\/jardineria\/","title":{"rendered":"Jardineria"},"content":{"rendered":"<div data-elementor-type=\"wp-page\" data-elementor-id=\"337\" class=\"elementor elementor-337\" data-elementor-post-type=\"page\">\n\t\t\t\t<div class=\"elementor-element elementor-element-846051a e-con-full e-flex elementor-invisible e-con e-parent\" data-id=\"846051a\" data-element_type=\"container\" data-settings=\"{&quot;background_background&quot;:&quot;classic&quot;,&quot;animation&quot;:&quot;fadeIn&quot;}\">\n\t\t\t\t<div class=\"elementor-element elementor-element-1fd6bfa elementor-invisible elementor-widget elementor-widget-heading\" data-id=\"1fd6bfa\" data-element_type=\"widget\" data-settings=\"{&quot;_animation&quot;:&quot;fadeInDown&quot;}\" data-widget_type=\"heading.default\">\n\t\t\t\t<div class=\"elementor-widget-container\">\n\t\t\t\t\t<h1 class=\"elementor-heading-title elementor-size-default\">Jardineria<\/h1>\t\t\t\t<\/div>\n\t\t\t\t<\/div>\n\t\t\t\t<\/div>\n\t\t<div class=\"elementor-element elementor-element-7342886 e-flex e-con-boxed elementor-invisible e-con e-parent\" data-id=\"7342886\" data-element_type=\"container\" data-settings=\"{&quot;background_background&quot;:&quot;classic&quot;,&quot;animation&quot;:&quot;fadeIn&quot;}\">\n\t\t\t\t\t<div class=\"e-con-inner\">\n\t\t\t\t<div class=\"elementor-element elementor-element-90f0d31 elementor-invisible elementor-widget elementor-widget-heading\" data-id=\"90f0d31\" data-element_type=\"widget\" data-settings=\"{&quot;_animation&quot;:&quot;fadeInDown&quot;}\" data-widget_type=\"heading.default\">\n\t\t\t\t<div class=\"elementor-widget-container\">\n\t\t\t\t\t<h2 class=\"elementor-heading-title elementor-size-default\">Jardineria personalitzada, transformant els espais en verd obres mestres\n<\/h2>\t\t\t\t<\/div>\n\t\t\t\t<\/div>\n\t\t\t\t\t<\/div>\n\t\t\t\t<\/div>\n\t\t<div class=\"elementor-element elementor-element-1805813 e-flex e-con-boxed e-con e-parent\" data-id=\"1805813\" data-element_type=\"container\">\n\t\t\t\t\t<div class=\"e-con-inner\">\n\t\t<div class=\"elementor-element elementor-element-d1ddaf9 e-con-full e-flex e-con e-child\" data-id=\"d1ddaf9\" data-element_type=\"container\">\n\t\t\t\t<div class=\"elementor-element elementor-element-332e91f elementor-invisible elementor-widget elementor-widget-text-editor\" data-id=\"332e91f\" data-element_type=\"widget\" data-settings=\"{&quot;_animation&quot;:&quot;fadeIn&quot;}\" data-widget_type=\"text-editor.default\">\n\t\t\t\t<div class=\"elementor-widget-container\">\n\t\t\t\t\t\t\t\t\t<p>En la nostra dedicaci\u00f3 a l&#039;art de la jardineria, som especialistes, no nom\u00e9s en el manteniment i cura, per\u00f2 tamb\u00e9 en la creaci\u00f3 de jardins en la mesura que reflecteixen la seva visi\u00f3 \u00fanica.<\/p><p>El proc\u00e9s comen\u00e7a amb un estudi, on podem explorar les possibilitats del seu entorn, el nostre equip est\u00e0 immers en l&#039;an\u00e0lisi detallada de la topografia, l&#039;exposici\u00f3 al sol i d&#039;altres elements clau. Aquest enfocament ens permet entendre les caracter\u00edstiques espec\u00edfiques del seu espai, proporcionant una base s\u00f2lida per a la creaci\u00f3 d&#039;un jard\u00ed a la seva mida.<\/p>\t\t\t\t\t\t\t\t<\/div>\n\t\t\t\t<\/div>\n\t\t\t\t<\/div>\n\t\t<div class=\"elementor-element elementor-element-7e2a1f3 e-con-full e-flex e-con e-child\" data-id=\"7e2a1f3\" data-element_type=\"container\">\n\t\t\t\t<div class=\"elementor-element elementor-element-77d1747 elementor-invisible elementor-widget elementor-widget-image\" data-id=\"77d1747\" data-element_type=\"widget\" data-settings=\"{&quot;_animation&quot;:&quot;fadeInDown&quot;}\" data-widget_type=\"image.default\">\n\t\t\t\t<div class=\"elementor-widget-container\">\n\t\t\t\t\t\t\t\t\t\t\t\t\t\t\t<img fetchpriority=\"high\" decoding=\"async\" width=\"800\" height=\"450\" src=\"https:\/\/camprubijardins.com\/wp-content\/uploads\/2024\/03\/Jardineria-_1_-1024x576.webp\" class=\"attachment-large size-large wp-image-555\" alt=\"Camp rubi Jardineria 1\" srcset=\"https:\/\/camprubijardins.com\/wp-content\/uploads\/2024\/03\/Jardineria-_1_-1024x576.webp 1024w, https:\/\/camprubijardins.com\/wp-content\/uploads\/2024\/03\/Jardineria-_1_-300x169.webp 300w, https:\/\/camprubijardins.com\/wp-content\/uploads\/2024\/03\/Jardineria-_1_-768x432.webp 768w, https:\/\/camprubijardins.com\/wp-content\/uploads\/2024\/03\/Jardineria-_1_.webp 1400w\" sizes=\"(max-width: 800px) 100vw, 800px\" \/>\t\t\t\t\t\t\t\t\t\t\t\t\t\t\t<\/div>\n\t\t\t\t<\/div>\n\t\t\t\t<\/div>\n\t\t\t\t\t<\/div>\n\t\t\t\t<\/div>\n\t\t<div class=\"elementor-element elementor-element-5a0e3ac e-flex e-con-boxed e-con e-parent\" data-id=\"5a0e3ac\" data-element_type=\"container\">\n\t\t\t\t\t<div class=\"e-con-inner\">\n\t\t<div class=\"elementor-element elementor-element-048aa8f e-con-full e-flex e-con e-child\" data-id=\"048aa8f\" data-element_type=\"container\">\n\t\t\t\t<div class=\"elementor-element elementor-element-405de87 elementor-invisible elementor-widget elementor-widget-image\" data-id=\"405de87\" data-element_type=\"widget\" data-settings=\"{&quot;_animation&quot;:&quot;fadeInDown&quot;}\" data-widget_type=\"image.default\">\n\t\t\t\t<div class=\"elementor-widget-container\">\n\t\t\t\t\t\t\t\t\t\t\t\t\t\t\t<img decoding=\"async\" width=\"800\" height=\"450\" src=\"https:\/\/camprubijardins.com\/wp-content\/uploads\/2024\/03\/Jardineria-creacio-de-jardins-1024x576.jpg\" class=\"attachment-large size-large wp-image-153\" alt=\"\" srcset=\"https:\/\/camprubijardins.com\/wp-content\/uploads\/2024\/03\/Jardineria-creacio-de-jardins-1024x576.jpg 1024w, https:\/\/camprubijardins.com\/wp-content\/uploads\/2024\/03\/Jardineria-creacio-de-jardins-300x169.jpg 300w, https:\/\/camprubijardins.com\/wp-content\/uploads\/2024\/03\/Jardineria-creacio-de-jardins-768x432.jpg 768w, https:\/\/camprubijardins.com\/wp-content\/uploads\/2024\/03\/Jardineria-creacio-de-jardins-1536x864.jpg 1536w, https:\/\/camprubijardins.com\/wp-content\/uploads\/2024\/03\/Jardineria-creacio-de-jardins.jpg 1920w\" sizes=\"(max-width: 800px) 100vw, 800px\" \/>\t\t\t\t\t\t\t\t\t\t\t\t\t\t\t<\/div>\n\t\t\t\t<\/div>\n\t\t\t\t<\/div>\n\t\t<div class=\"elementor-element elementor-element-05af33a e-con-full e-flex e-con e-child\" data-id=\"05af33a\" data-element_type=\"container\">\n\t\t\t\t<div class=\"elementor-element elementor-element-7bc72e4 elementor-invisible elementor-widget elementor-widget-text-editor\" data-id=\"7bc72e4\" data-element_type=\"widget\" data-settings=\"{&quot;_animation&quot;:&quot;fadeIn&quot;}\" data-widget_type=\"text-editor.default\">\n\t\t\t\t<div class=\"elementor-widget-container\">\n\t\t\t\t\t\t\t\t\t<p>A trav\u00e9s de converses i en estreta col\u00b7laboraci\u00f3 amb vost\u00e8, intentem de comprendre en profunditat la idea darrere seu projecte de fusi\u00f3 seves aspiracions amb la nostra experi\u00e8ncia, la creaci\u00f3 de dissenys que no nom\u00e9s embellir, sin\u00f3 tamb\u00e9 con\u00e8ixer les seves necessitats.<\/p><p>Si estem a la revitalitzaci\u00f3 d&#039;un jard\u00ed existent o crear-ne un des de zero, l&#039;atenci\u00f3 al detall i el nostre comprom\u00eds amb l&#039;excel\u00b7l\u00e8ncia es reflecteix en cada pas del proc\u00e9s. Des de la selecci\u00f3 de les plantes a la disposici\u00f3 d&#039;elements hardscape, cada decisi\u00f3 es fa amb la intenci\u00f3 d&#039;aconseguir un equilibri harm\u00f2nic i de llarga durada.<\/p>\t\t\t\t\t\t\t\t<\/div>\n\t\t\t\t<\/div>\n\t\t\t\t<\/div>\n\t\t\t\t\t<\/div>\n\t\t\t\t<\/div>\n\t\t<div class=\"elementor-element elementor-element-b43f777 e-flex e-con-boxed e-con e-parent\" data-id=\"b43f777\" data-element_type=\"container\">\n\t\t\t\t\t<div class=\"e-con-inner\">\n\t\t\t\t<div class=\"elementor-element elementor-element-ed0594b elementor-widget elementor-widget-text-editor\" data-id=\"ed0594b\" data-element_type=\"widget\" data-widget_type=\"text-editor.default\">\n\t\t\t\t<div class=\"elementor-widget-container\">\n\t\t\t\t\t\t\t\t\t<p>Quan vost\u00e8 ens confia la cura i la creaci\u00f3 del seu jard\u00ed, que associar-se amb un equip que \u00e9s un apassionat i s&#039;esfor\u00e7a per convertir la seva visi\u00f3 en una realitat viva i vibrant. Veure com podem transformar el seu espai a l&#039;aire lliure en un costum que reflecteix el seu estil i s&#039;ajusta perfectament al seu entorn.<\/p>\t\t\t\t\t\t\t\t<\/div>\n\t\t\t\t<\/div>\n\t\t\t\t<div class=\"elementor-element elementor-element-3f96c4c elementor-invisible elementor-widget elementor-widget-heading\" data-id=\"3f96c4c\" data-element_type=\"widget\" data-settings=\"{&quot;_animation&quot;:&quot;fadeInDown&quot;}\" data-widget_type=\"heading.default\">\n\t\t\t\t<div class=\"elementor-widget-container\">\n\t\t\t\t\t<h2 class=\"elementor-heading-title elementor-size-default\">Caracter\u00edstiques destacables del nostre servei de jardineria\n<\/h2>\t\t\t\t<\/div>\n\t\t\t\t<\/div>\n\t\t\t\t\t<\/div>\n\t\t\t\t<\/div>\n\t\t<div class=\"elementor-element elementor-element-0f7a591 e-flex e-con-boxed e-con e-parent\" data-id=\"0f7a591\" data-element_type=\"container\">\n\t\t\t\t\t<div class=\"e-con-inner\">\n\t\t<div class=\"elementor-element elementor-element-c79e00b e-con-full e-flex elementor-invisible e-con e-child\" data-id=\"c79e00b\" data-element_type=\"container\" data-settings=\"{&quot;background_background&quot;:&quot;classic&quot;,&quot;animation&quot;:&quot;fadeInDown&quot;,&quot;animation_delay&quot;:100}\">\n\t\t\t\t<div class=\"elementor-element elementor-element-3cfd0af elementor-widget elementor-widget-heading\" data-id=\"3cfd0af\" data-element_type=\"widget\" data-widget_type=\"heading.default\">\n\t\t\t\t<div class=\"elementor-widget-container\">\n\t\t\t\t\t<h3 class=\"elementor-heading-title elementor-size-default\">Disseny de jardins<\/h3>\t\t\t\t<\/div>\n\t\t\t\t<\/div>\n\t\t\t\t<div class=\"elementor-element elementor-element-30d2171 elementor-widget elementor-widget-text-editor\" data-id=\"30d2171\" data-element_type=\"widget\" data-widget_type=\"text-editor.default\">\n\t\t\t\t<div class=\"elementor-widget-container\">\n\t\t\t\t\t\t\t\t\tSom aqu\u00ed per girar el seu visions del disseny tangible. Si es tracta d&#039;un jard\u00ed modern, un espai tranquil, o una tem\u00e0tica esdeveniments. Creem projectes a mida que s&#039;adapti a les seves necessitats i reflecteixen el seu estil. \n\t\t\t\t\t\t\t\t<\/div>\n\t\t\t\t<\/div>\n\t\t\t\t<\/div>\n\t\t<div class=\"elementor-element elementor-element-3d314e6 e-con-full e-flex elementor-invisible e-con e-child\" data-id=\"3d314e6\" data-element_type=\"container\" data-settings=\"{&quot;background_background&quot;:&quot;classic&quot;,&quot;animation&quot;:&quot;fadeInDown&quot;,&quot;animation_delay&quot;:100}\">\n\t\t\t\t<div class=\"elementor-element elementor-element-eb21e84 elementor-widget elementor-widget-heading\" data-id=\"eb21e84\" data-element_type=\"widget\" data-widget_type=\"heading.default\">\n\t\t\t\t<div class=\"elementor-widget-container\">\n\t\t\t\t\t<h3 class=\"elementor-heading-title elementor-size-default\">Planificaci\u00f3 i selecci\u00f3<\/h3>\t\t\t\t<\/div>\n\t\t\t\t<\/div>\n\t\t\t\t<div class=\"elementor-element elementor-element-1cc79c0 elementor-widget elementor-widget-text-editor\" data-id=\"1cc79c0\" data-element_type=\"widget\" data-widget_type=\"text-editor.default\">\n\t\t\t\t<div class=\"elementor-widget-container\">\n\t\t\t\t\t\t\t\t\tAbans de comen\u00e7ar a treballar en el seu jard\u00ed, la nostra jardineria serveis inclouen la planificaci\u00f3 del que es vol aconseguir amb el vostre lloc. \u00c9s molt \u00fatil perqu\u00e8 t&#039;assessorarem i us ofereixen les millors opcions per al disseny del seu jard\u00ed es convertir\u00e0 en la idea que vost\u00e8 t\u00e9 en ment. \n\t\t\t\t\t\t\t\t<\/div>\n\t\t\t\t<\/div>\n\t\t\t\t<\/div>\n\t\t\t\t\t<\/div>\n\t\t\t\t<\/div>\n\t\t\t\t<\/div>","protected":false},"excerpt":{"rendered":"<p>Jardiner\u00eda Jardiner\u00eda personalizada, transformando espacios en verdes obras maestras En nuestra dedicaci\u00f3n al arte de la jardiner\u00eda, nos especializamos no solo en el mantenimiento y cuidado, sino tambi\u00e9n en la creaci\u00f3n de jardines a medida que reflejan tu visi\u00f3n \u00fanica. El proceso comienza con un estudio, donde exploramos las posibilidades de tu entorno, nuestro equipo [&hellip;]<\/p>","protected":false},"author":1,"featured_media":0,"parent":0,"menu_order":0,"comment_status":"closed","ping_status":"closed","template":"elementor_header_footer","meta":{"footnotes":""},"class_list":["post-337","page","type-page","status-publish","hentry"],"yoast_head":"<!-- This site is optimized with the Yoast SEO plugin v25.1 - https:\/\/yoast.com\/wordpress\/plugins\/seo\/ -->\n<title>Jardiner\u00eda - Vivers Camp-Rub\u00ed<\/title>\n<meta name=\"robots\" content=\"index, follow, max-snippet:-1, max-image-preview:large, max-video-preview:-1\" \/>\n<link rel=\"canonical\" href=\"https:\/\/camprubijardins.com\/ca\/jardineria\/\" \/>\n<meta property=\"og:locale\" content=\"ca_ES\" \/>\n<meta property=\"og:type\" content=\"article\" \/>\n<meta property=\"og:title\" content=\"Jardiner\u00eda - Vivers Camp-Rub\u00ed\" \/>\n<meta property=\"og:description\" content=\"Jardiner\u00eda Jardiner\u00eda personalizada, transformando espacios en verdes obras maestras En nuestra dedicaci\u00f3n al arte de la jardiner\u00eda, nos especializamos no solo en el mantenimiento y cuidado, sino tambi\u00e9n en la creaci\u00f3n de jardines a medida que reflejan tu visi\u00f3n \u00fanica. El proceso comienza con un estudio, donde exploramos las posibilidades de tu entorno, nuestro equipo [&hellip;]\" \/>\n<meta property=\"og:url\" content=\"https:\/\/camprubijardins.com\/ca\/jardineria\/\" \/>\n<meta property=\"og:site_name\" content=\"Vivers Camp-Rub\u00ed\" \/>\n<meta property=\"article:modified_time\" content=\"2024-03-25T09:37:11+00:00\" \/>\n<meta property=\"og:image\" content=\"https:\/\/camprubijardins.com\/wp-content\/uploads\/2024\/03\/Jardineria-_1_-1024x576.webp\" \/>\n<meta name=\"twitter:card\" content=\"summary_large_image\" \/>\n<meta name=\"twitter:label1\" content=\"Temps estimat de lectura\" \/>\n\t<meta name=\"twitter:data1\" content=\"2 minuts\" \/>\n<script type=\"application\/ld+json\" class=\"yoast-schema-graph\">{\"@context\":\"https:\/\/schema.org\",\"@graph\":[{\"@type\":\"WebPage\",\"@id\":\"https:\/\/camprubijardins.com\/jardineria\/\",\"url\":\"https:\/\/camprubijardins.com\/jardineria\/\",\"name\":\"Jardiner\u00eda - Vivers Camp-Rub\u00ed\",\"isPartOf\":{\"@id\":\"https:\/\/camprubijardins.com\/#website\"},\"primaryImageOfPage\":{\"@id\":\"https:\/\/camprubijardins.com\/jardineria\/#primaryimage\"},\"image\":{\"@id\":\"https:\/\/camprubijardins.com\/jardineria\/#primaryimage\"},\"thumbnailUrl\":\"https:\/\/camprubijardins.com\/wp-content\/uploads\/2024\/03\/Jardineria-_1_-1024x576.webp\",\"datePublished\":\"2024-03-07T06:04:48+00:00\",\"dateModified\":\"2024-03-25T09:37:11+00:00\",\"breadcrumb\":{\"@id\":\"https:\/\/camprubijardins.com\/jardineria\/#breadcrumb\"},\"inLanguage\":\"ca\",\"potentialAction\":[{\"@type\":\"ReadAction\",\"target\":[\"https:\/\/camprubijardins.com\/jardineria\/\"]}]},{\"@type\":\"ImageObject\",\"inLanguage\":\"ca\",\"@id\":\"https:\/\/camprubijardins.com\/jardineria\/#primaryimage\",\"url\":\"https:\/\/camprubijardins.com\/wp-content\/uploads\/2024\/03\/Jardineria-_1_-1024x576.webp\",\"contentUrl\":\"https:\/\/camprubijardins.com\/wp-content\/uploads\/2024\/03\/Jardineria-_1_-1024x576.webp\"},{\"@type\":\"BreadcrumbList\",\"@id\":\"https:\/\/camprubijardins.com\/jardineria\/#breadcrumb\",\"itemListElement\":[{\"@type\":\"ListItem\",\"position\":1,\"name\":\"Portada\",\"item\":\"https:\/\/camprubijardins.com\/\"},{\"@type\":\"ListItem\",\"position\":2,\"name\":\"Jardiner\u00eda\"}]},{\"@type\":\"WebSite\",\"@id\":\"https:\/\/camprubijardins.com\/#website\",\"url\":\"https:\/\/camprubijardins.com\/\",\"name\":\"Vivers camp-rubi\",\"description\":\"\",\"publisher\":{\"@id\":\"https:\/\/camprubijardins.com\/#organization\"},\"potentialAction\":[{\"@type\":\"SearchAction\",\"target\":{\"@type\":\"EntryPoint\",\"urlTemplate\":\"https:\/\/camprubijardins.com\/?s={search_term_string}\"},\"query-input\":{\"@type\":\"PropertyValueSpecification\",\"valueRequired\":true,\"valueName\":\"search_term_string\"}}],\"inLanguage\":\"ca\"},{\"@type\":\"Organization\",\"@id\":\"https:\/\/camprubijardins.com\/#organization\",\"name\":\"Vivers camp-rubi\",\"url\":\"https:\/\/camprubijardins.com\/\",\"logo\":{\"@type\":\"ImageObject\",\"inLanguage\":\"ca\",\"@id\":\"https:\/\/camprubijardins.com\/#\/schema\/logo\/image\/\",\"url\":\"https:\/\/camprubijardins.com\/wp-content\/uploads\/2024\/03\/1-1.png\",\"contentUrl\":\"https:\/\/camprubijardins.com\/wp-content\/uploads\/2024\/03\/1-1.png\",\"width\":1920,\"height\":1080,\"caption\":\"Vivers camp-rubi\"},\"image\":{\"@id\":\"https:\/\/camprubijardins.com\/#\/schema\/logo\/image\/\"}}]}<\/script>\n<!-- \/ Yoast SEO plugin. -->","yoast_head_json":{"title":"Jardiner\u00eda - Vivers Camp-Rub\u00ed","robots":{"index":"index","follow":"follow","max-snippet":"max-snippet:-1","max-image-preview":"max-image-preview:large","max-video-preview":"max-video-preview:-1"},"canonical":"https:\/\/camprubijardins.com\/ca\/jardineria\/","og_locale":"ca_ES","og_type":"article","og_title":"Jardiner\u00eda - Vivers Camp-Rub\u00ed","og_description":"Jardiner\u00eda Jardiner\u00eda personalizada, transformando espacios en verdes obras maestras En nuestra dedicaci\u00f3n al arte de la jardiner\u00eda, nos especializamos no solo en el mantenimiento y cuidado, sino tambi\u00e9n en la creaci\u00f3n de jardines a medida que reflejan tu visi\u00f3n \u00fanica. El proceso comienza con un estudio, donde exploramos las posibilidades de tu entorno, nuestro equipo [&hellip;]","og_url":"https:\/\/camprubijardins.com\/ca\/jardineria\/","og_site_name":"Vivers Camp-Rub\u00ed","article_modified_time":"2024-03-25T09:37:11+00:00","og_image":[{"url":"https:\/\/camprubijardins.com\/wp-content\/uploads\/2024\/03\/Jardineria-_1_-1024x576.webp","type":"","width":"","height":""}],"twitter_card":"summary_large_image","twitter_misc":{"Temps estimat de lectura":"2 minuts"},"schema":{"@context":"https:\/\/schema.org","@graph":[{"@type":"WebPage","@id":"https:\/\/camprubijardins.com\/jardineria\/","url":"https:\/\/camprubijardins.com\/jardineria\/","name":"Jardiner\u00eda - Vivers Camp-Rub\u00ed","isPartOf":{"@id":"https:\/\/camprubijardins.com\/#website"},"primaryImageOfPage":{"@id":"https:\/\/camprubijardins.com\/jardineria\/#primaryimage"},"image":{"@id":"https:\/\/camprubijardins.com\/jardineria\/#primaryimage"},"thumbnailUrl":"https:\/\/camprubijardins.com\/wp-content\/uploads\/2024\/03\/Jardineria-_1_-1024x576.webp","datePublished":"2024-03-07T06:04:48+00:00","dateModified":"2024-03-25T09:37:11+00:00","breadcrumb":{"@id":"https:\/\/camprubijardins.com\/jardineria\/#breadcrumb"},"inLanguage":"ca","potentialAction":[{"@type":"ReadAction","target":["https:\/\/camprubijardins.com\/jardineria\/"]}]},{"@type":"ImageObject","inLanguage":"ca","@id":"https:\/\/camprubijardins.com\/jardineria\/#primaryimage","url":"https:\/\/camprubijardins.com\/wp-content\/uploads\/2024\/03\/Jardineria-_1_-1024x576.webp","contentUrl":"https:\/\/camprubijardins.com\/wp-content\/uploads\/2024\/03\/Jardineria-_1_-1024x576.webp"},{"@type":"BreadcrumbList","@id":"https:\/\/camprubijardins.com\/jardineria\/#breadcrumb","itemListElement":[{"@type":"ListItem","position":1,"name":"Portada","item":"https:\/\/camprubijardins.com\/"},{"@type":"ListItem","position":2,"name":"Jardiner\u00eda"}]},{"@type":"WebSite","@id":"https:\/\/camprubijardins.com\/#website","url":"https:\/\/camprubijardins.com\/","name":"Vivers camp-rubi","description":"","publisher":{"@id":"https:\/\/camprubijardins.com\/#organization"},"potentialAction":[{"@type":"SearchAction","target":{"@type":"EntryPoint","urlTemplate":"https:\/\/camprubijardins.com\/?s={search_term_string}"},"query-input":{"@type":"PropertyValueSpecification","valueRequired":true,"valueName":"search_term_string"}}],"inLanguage":"ca"},{"@type":"Organization","@id":"https:\/\/camprubijardins.com\/#organization","name":"Vivers camp-rubi","url":"https:\/\/camprubijardins.com\/","logo":{"@type":"ImageObject","inLanguage":"ca","@id":"https:\/\/camprubijardins.com\/#\/schema\/logo\/image\/","url":"https:\/\/camprubijardins.com\/wp-content\/uploads\/2024\/03\/1-1.png","contentUrl":"https:\/\/camprubijardins.com\/wp-content\/uploads\/2024\/03\/1-1.png","width":1920,"height":1080,"caption":"Vivers camp-rubi"},"image":{"@id":"https:\/\/camprubijardins.com\/#\/schema\/logo\/image\/"}}]}},"_links":{"self":[{"href":"https:\/\/camprubijardins.com\/ca\/wp-json\/wp\/v2\/pages\/337","targetHints":{"allow":["GET"]}}],"collection":[{"href":"https:\/\/camprubijardins.com\/ca\/wp-json\/wp\/v2\/pages"}],"about":[{"href":"https:\/\/camprubijardins.com\/ca\/wp-json\/wp\/v2\/types\/page"}],"author":[{"embeddable":true,"href":"https:\/\/camprubijardins.com\/ca\/wp-json\/wp\/v2\/users\/1"}],"replies":[{"embeddable":true,"href":"https:\/\/camprubijardins.com\/ca\/wp-json\/wp\/v2\/comments?post=337"}],"version-history":[{"count":67,"href":"https:\/\/camprubijardins.com\/ca\/wp-json\/wp\/v2\/pages\/337\/revisions"}],"predecessor-version":[{"id":1184,"href":"https:\/\/camprubijardins.com\/ca\/wp-json\/wp\/v2\/pages\/337\/revisions\/1184"}],"wp:attachment":[{"href":"https:\/\/camprubijardins.com\/ca\/wp-json\/wp\/v2\/media?parent=337"}],"curies":[{"name":"wp","href":"https:\/\/api.w.org\/{rel}","templated":true}]}}