{"id":291,"date":"2024-03-06T21:28:02","date_gmt":"2024-03-06T21:28:02","guid":{"rendered":"https:\/\/camprubijardins.com\/?page_id=291"},"modified":"2024-03-25T09:35:13","modified_gmt":"2024-03-25T09:35:13","slug":"paisajismo","status":"publish","type":"page","link":"https:\/\/camprubijardins.com\/ca\/paisajismo\/","title":{"rendered":"Paisatgisme"},"content":{"rendered":"<div data-elementor-type=\"wp-page\" data-elementor-id=\"291\" class=\"elementor elementor-291\" data-elementor-post-type=\"page\">\n\t\t\t\t<div class=\"elementor-element elementor-element-3c87813f e-con-full e-flex elementor-invisible e-con e-parent\" data-id=\"3c87813f\" data-element_type=\"container\" data-settings=\"{&quot;background_background&quot;:&quot;classic&quot;,&quot;animation&quot;:&quot;fadeIn&quot;}\">\n\t\t\t\t<div class=\"elementor-element elementor-element-f675ac6 elementor-invisible elementor-widget elementor-widget-heading\" data-id=\"f675ac6\" data-element_type=\"widget\" data-settings=\"{&quot;_animation&quot;:&quot;fadeInDown&quot;}\" data-widget_type=\"heading.default\">\n\t\t\t\t<div class=\"elementor-widget-container\">\n\t\t\t\t\t<h1 class=\"elementor-heading-title elementor-size-default\">Paisatgisme <\/h1>\t\t\t\t<\/div>\n\t\t\t\t<\/div>\n\t\t\t\t<\/div>\n\t\t<div class=\"elementor-element elementor-element-7f1d0942 e-flex e-con-boxed elementor-invisible e-con e-parent\" data-id=\"7f1d0942\" data-element_type=\"container\" data-settings=\"{&quot;background_background&quot;:&quot;classic&quot;,&quot;animation&quot;:&quot;fadeIn&quot;}\">\n\t\t\t\t\t<div class=\"e-con-inner\">\n\t\t\t\t<div class=\"elementor-element elementor-element-5e3a6abf elementor-invisible elementor-widget elementor-widget-heading\" data-id=\"5e3a6abf\" data-element_type=\"widget\" data-settings=\"{&quot;_animation&quot;:&quot;fadeInDown&quot;}\" data-widget_type=\"heading.default\">\n\t\t\t\t<div class=\"elementor-widget-container\">\n\t\t\t\t\t<h2 class=\"elementor-heading-title elementor-size-default\">La transformaci\u00f3 d'espais m\u00e9s enll\u00e0 del jard\u00ed, una experi\u00e8ncia \u00fanica de paisatgisme\n<\/h2>\t\t\t\t<\/div>\n\t\t\t\t<\/div>\n\t\t\t\t\t<\/div>\n\t\t\t\t<\/div>\n\t\t<div class=\"elementor-element elementor-element-0f506e8 e-flex e-con-boxed e-con e-parent\" data-id=\"0f506e8\" data-element_type=\"container\">\n\t\t\t\t\t<div class=\"e-con-inner\">\n\t\t<div class=\"elementor-element elementor-element-4466816 e-con-full e-flex e-con e-child\" data-id=\"4466816\" data-element_type=\"container\">\n\t\t\t\t<div class=\"elementor-element elementor-element-e223831 elementor-invisible elementor-widget elementor-widget-text-editor\" data-id=\"e223831\" data-element_type=\"widget\" data-settings=\"{&quot;_animation&quot;:&quot;fadeIn&quot;}\" data-widget_type=\"text-editor.default\">\n\t\t\t\t<div class=\"elementor-widget-container\">\n\t\t\t\t\t\t\t\t\t<p>Com una empresa amb una gran passi\u00f3 per la jardineria, hem de recon\u00e8ixer que el paisatge no \u00e9s nom\u00e9s la creaci\u00f3 de jardins, sin\u00f3 un veritable forma d&#039;expressi\u00f3. En la nostra filosofia \u00e9s la convicci\u00f3 que els espais exteriors s\u00f3n molt m\u00e9s que espais verds, s\u00f3n un llen\u00e7 per transformar-se en experi\u00e8ncies \u00faniques.<\/p><p>\u00c9s per aix\u00f2 que el nostre equip de dissenyadors, paisatgistes s&#039;embarca en cada projecte amb la missi\u00f3 de convertir cada cantonada, a una hist\u00f2ria visualment impactant. M\u00e9s enll\u00e0 de la planta de selecci\u00f3 i disposici\u00f3 dels elements, ens submergeix-te en l&#039;ess\u00e8ncia de cada espai, con\u00e8ixer el terreny i la idea de cada client.<\/p><p>\u00a0<\/p>\t\t\t\t\t\t\t\t<\/div>\n\t\t\t\t<\/div>\n\t\t\t\t<\/div>\n\t\t<div class=\"elementor-element elementor-element-b38c5bf e-con-full e-flex e-con e-child\" data-id=\"b38c5bf\" data-element_type=\"container\">\n\t\t\t\t<div class=\"elementor-element elementor-element-c9e7e8f elementor-invisible elementor-widget elementor-widget-image\" data-id=\"c9e7e8f\" data-element_type=\"widget\" data-settings=\"{&quot;_animation&quot;:&quot;fadeInDown&quot;}\" data-widget_type=\"image.default\">\n\t\t\t\t<div class=\"elementor-widget-container\">\n\t\t\t\t\t\t\t\t\t\t\t\t\t\t\t<img fetchpriority=\"high\" decoding=\"async\" width=\"800\" height=\"450\" src=\"https:\/\/camprubijardins.com\/wp-content\/uploads\/2024\/03\/Paisatgisme-1024x576.webp\" class=\"attachment-large size-large wp-image-530\" alt=\"Camp rubi Paisajismo\" srcset=\"https:\/\/camprubijardins.com\/wp-content\/uploads\/2024\/03\/Paisatgisme-1024x576.webp 1024w, https:\/\/camprubijardins.com\/wp-content\/uploads\/2024\/03\/Paisatgisme-300x169.webp 300w, https:\/\/camprubijardins.com\/wp-content\/uploads\/2024\/03\/Paisatgisme-768x432.webp 768w, https:\/\/camprubijardins.com\/wp-content\/uploads\/2024\/03\/Paisatgisme.webp 1400w\" sizes=\"(max-width: 800px) 100vw, 800px\" \/>\t\t\t\t\t\t\t\t\t\t\t\t\t\t\t<\/div>\n\t\t\t\t<\/div>\n\t\t\t\t<\/div>\n\t\t\t\t\t<\/div>\n\t\t\t\t<\/div>\n\t\t<div class=\"elementor-element elementor-element-f55dd62 e-flex e-con-boxed e-con e-parent\" data-id=\"f55dd62\" data-element_type=\"container\">\n\t\t\t\t\t<div class=\"e-con-inner\">\n\t\t<div class=\"elementor-element elementor-element-ba30f59 e-con-full e-flex e-con e-child\" data-id=\"ba30f59\" data-element_type=\"container\">\n\t\t\t\t<div class=\"elementor-element elementor-element-c30735d elementor-invisible elementor-widget elementor-widget-image\" data-id=\"c30735d\" data-element_type=\"widget\" data-settings=\"{&quot;_animation&quot;:&quot;fadeInDown&quot;}\" data-widget_type=\"image.default\">\n\t\t\t\t<div class=\"elementor-widget-container\">\n\t\t\t\t\t\t\t\t\t\t\t\t\t\t\t<img decoding=\"async\" width=\"800\" height=\"450\" src=\"https:\/\/camprubijardins.com\/wp-content\/uploads\/2024\/03\/18-1024x576.webp\" class=\"attachment-large size-large wp-image-866\" alt=\"Transformando espacios m\u00e1s all\u00e1 del jard\u00edn, una experiencia paisaj\u00edstica \u00fanica\" srcset=\"https:\/\/camprubijardins.com\/wp-content\/uploads\/2024\/03\/18-1024x576.webp 1024w, https:\/\/camprubijardins.com\/wp-content\/uploads\/2024\/03\/18-300x169.webp 300w, https:\/\/camprubijardins.com\/wp-content\/uploads\/2024\/03\/18-768x432.webp 768w, https:\/\/camprubijardins.com\/wp-content\/uploads\/2024\/03\/18-1536x864.webp 1536w, https:\/\/camprubijardins.com\/wp-content\/uploads\/2024\/03\/18-2048x1152.webp 2048w\" sizes=\"(max-width: 800px) 100vw, 800px\" \/>\t\t\t\t\t\t\t\t\t\t\t\t\t\t\t<\/div>\n\t\t\t\t<\/div>\n\t\t\t\t<\/div>\n\t\t<div class=\"elementor-element elementor-element-e3144a4 e-con-full e-flex e-con e-child\" data-id=\"e3144a4\" data-element_type=\"container\">\n\t\t\t\t<div class=\"elementor-element elementor-element-9231850 elementor-invisible elementor-widget elementor-widget-text-editor\" data-id=\"9231850\" data-element_type=\"widget\" data-settings=\"{&quot;_animation&quot;:&quot;fadeIn&quot;}\" data-widget_type=\"text-editor.default\">\n\t\t\t\t<div class=\"elementor-widget-container\">\n\t\t\t\t\t\t\t\t\t<p>Estem orgullosos de combinar la funcionalitat amb l&#039;est\u00e8tica, la creaci\u00f3 de dissenys que no nom\u00e9s s\u00f3n visualment atractiu, per\u00f2 tamb\u00e9 pr\u00e0ctic i sostenible. Des d&#039;exuberants jardins a les zones d&#039;exterior entretingut, el nostre enfocament es basa en la comprensi\u00f3 de les necessitats individuals i transformar-los en paisatges que posen de relleu la bellesa natural.<\/p><p>Quan es tria a nosaltres, no nom\u00e9s s&#039;arriba a un jard\u00ed, sin\u00f3 una experi\u00e8ncia visual i sensorial d&#039;entrada que perduri en el temps.<\/p>\t\t\t\t\t\t\t\t<\/div>\n\t\t\t\t<\/div>\n\t\t\t\t<\/div>\n\t\t\t\t\t<\/div>\n\t\t\t\t<\/div>\n\t\t<div class=\"elementor-element elementor-element-6e60e76 e-flex e-con-boxed e-con e-parent\" data-id=\"6e60e76\" data-element_type=\"container\">\n\t\t\t\t\t<div class=\"e-con-inner\">\n\t\t\t\t<div class=\"elementor-element elementor-element-36de9fa6 elementor-widget elementor-widget-text-editor\" data-id=\"36de9fa6\" data-element_type=\"widget\" data-widget_type=\"text-editor.default\">\n\t\t\t\t<div class=\"elementor-widget-container\">\n\t\t\t\t\t\t\t\t\tDescobrir el potencial dels seus espais a l&#039;aire lliure amb el nostre equip de dissenyadors, paisatgistes.\n\t\t\t\t\t\t\t\t<\/div>\n\t\t\t\t<\/div>\n\t\t\t\t<div class=\"elementor-element elementor-element-6f03979a elementor-invisible elementor-widget elementor-widget-heading\" data-id=\"6f03979a\" data-element_type=\"widget\" data-settings=\"{&quot;_animation&quot;:&quot;fadeInDown&quot;}\" data-widget_type=\"heading.default\">\n\t\t\t\t<div class=\"elementor-widget-container\">\n\t\t\t\t\t<h2 class=\"elementor-heading-title elementor-size-default\">Caracter\u00edstiques m\u00e9s destacables del nostre servei de jardineria\n<\/h2>\t\t\t\t<\/div>\n\t\t\t\t<\/div>\n\t\t\t\t\t<\/div>\n\t\t\t\t<\/div>\n\t\t<div class=\"elementor-element elementor-element-50d12008 e-flex e-con-boxed e-con e-parent\" data-id=\"50d12008\" data-element_type=\"container\">\n\t\t\t\t\t<div class=\"e-con-inner\">\n\t\t<div class=\"elementor-element elementor-element-26f99aac e-con-full e-flex elementor-invisible e-con e-child\" data-id=\"26f99aac\" data-element_type=\"container\" data-settings=\"{&quot;background_background&quot;:&quot;classic&quot;,&quot;animation&quot;:&quot;fadeInDown&quot;,&quot;animation_delay&quot;:100}\">\n\t\t\t\t<div class=\"elementor-element elementor-element-24978529 elementor-widget elementor-widget-heading\" data-id=\"24978529\" data-element_type=\"widget\" data-widget_type=\"heading.default\">\n\t\t\t\t<div class=\"elementor-widget-container\">\n\t\t\t\t\t<h3 class=\"elementor-heading-title elementor-size-default\">Disseny a mida<\/h3>\t\t\t\t<\/div>\n\t\t\t\t<\/div>\n\t\t\t\t<div class=\"elementor-element elementor-element-356a3924 elementor-widget elementor-widget-text-editor\" data-id=\"356a3924\" data-element_type=\"widget\" data-widget_type=\"text-editor.default\">\n\t\t\t\t<div class=\"elementor-widget-container\">\n\t\t\t\t\t\t\t\t\tCada jardineria projecte s&#039;inicia amb una conversa amb vost\u00e8. Vam submergir-nos en la seva visi\u00f3, entenem les seves prefer\u00e8ncies i explorar les possibilitats. Dissenyem solucions a mida per a cada client.\n\t\t\t\t\t\t\t\t<\/div>\n\t\t\t\t<\/div>\n\t\t\t\t<\/div>\n\t\t<div class=\"elementor-element elementor-element-0c738dc e-con-full e-flex elementor-invisible e-con e-child\" data-id=\"0c738dc\" data-element_type=\"container\" data-settings=\"{&quot;background_background&quot;:&quot;classic&quot;,&quot;animation&quot;:&quot;fadeInDown&quot;,&quot;animation_delay&quot;:100}\">\n\t\t\t\t<div class=\"elementor-element elementor-element-e86b954 elementor-widget elementor-widget-heading\" data-id=\"e86b954\" data-element_type=\"widget\" data-widget_type=\"heading.default\">\n\t\t\t\t<div class=\"elementor-widget-container\">\n\t\t\t\t\t<h3 class=\"elementor-heading-title elementor-size-default\">Selecci\u00f3 de plantes<\/h3>\t\t\t\t<\/div>\n\t\t\t\t<\/div>\n\t\t\t\t<div class=\"elementor-element elementor-element-442b91d elementor-widget elementor-widget-text-editor\" data-id=\"442b91d\" data-element_type=\"widget\" data-widget_type=\"text-editor.default\">\n\t\t\t\t<div class=\"elementor-widget-container\">\n\t\t\t\t\t\t\t\t\tLa nostra experi\u00e8ncia en horticultura ens permet seleccionar acuradament cada planta per complementar el disseny que vost\u00e8 t\u00e9 en ment. De les esp\u00e8cies aut\u00f2ctones que est\u00e0 perfectament integrat en l&#039;entorn, a l&#039;ex\u00f2tica afegir\u00e0 un toc distintiu, la paleta de verds \u00e9s escollit amb precisi\u00f3 per aconseguir una harmonia visual i ecol\u00f2gic. \n\t\t\t\t\t\t\t\t<\/div>\n\t\t\t\t<\/div>\n\t\t\t\t<\/div>\n\t\t<div class=\"elementor-element elementor-element-1736df81 e-con-full e-flex elementor-invisible e-con e-child\" data-id=\"1736df81\" data-element_type=\"container\" data-settings=\"{&quot;background_background&quot;:&quot;classic&quot;,&quot;animation&quot;:&quot;fadeInDown&quot;,&quot;animation_delay&quot;:100}\">\n\t\t\t\t<div class=\"elementor-element elementor-element-19244a12 elementor-widget elementor-widget-heading\" data-id=\"19244a12\" data-element_type=\"widget\" data-widget_type=\"heading.default\">\n\t\t\t\t<div class=\"elementor-widget-container\">\n\t\t\t\t\t<h3 class=\"elementor-heading-title elementor-size-default\">Efici\u00e8ncia aigua<\/h3>\t\t\t\t<\/div>\n\t\t\t\t<\/div>\n\t\t\t\t<div class=\"elementor-element elementor-element-16719b74 elementor-widget elementor-widget-text-editor\" data-id=\"16719b74\" data-element_type=\"widget\" data-widget_type=\"text-editor.default\">\n\t\t\t\t<div class=\"elementor-widget-container\">\n\t\t\t\t\t\t\t\t\tAmb una actitud sostenible, hem d&#039;integrar sistemes de reg eficient i pr\u00e0ctiques per reduir el consum d&#039;aigua sense posar en perill la salut de les plantes. La nostra jardineria no \u00e9s nom\u00e9s est\u00e8tic, sin\u00f3 tamb\u00e9 ambientalment i econ\u00f2micament eficient. \n\t\t\t\t\t\t\t\t<\/div>\n\t\t\t\t<\/div>\n\t\t\t\t<\/div>\n\t\t\t\t\t<\/div>\n\t\t\t\t<\/div>\n\t\t\t\t<\/div>","protected":false},"excerpt":{"rendered":"<p>Paisajismo Transformando espacios m\u00e1s all\u00e1 del jard\u00edn, una experiencia paisaj\u00edstica \u00fanica Como empresa apasionada por la jardiner\u00eda, reconocemos que el paisajismo no es simplemente la creaci\u00f3n de jardines, sino una verdadera forma de expresi\u00f3n. En nuestra filosof\u00eda se encuentra la convicci\u00f3n de que los espacios al aire libre son mucho m\u00e1s que \u00e1reas verdes, son [&hellip;]<\/p>","protected":false},"author":1,"featured_media":0,"parent":0,"menu_order":0,"comment_status":"closed","ping_status":"closed","template":"elementor_header_footer","meta":{"footnotes":""},"class_list":["post-291","page","type-page","status-publish","hentry"],"yoast_head":"<!-- This site is optimized with the Yoast SEO plugin v25.1 - https:\/\/yoast.com\/wordpress\/plugins\/seo\/ -->\n<title>Paisajismo - Vivers Camp-Rub\u00ed<\/title>\n<meta name=\"robots\" content=\"index, follow, max-snippet:-1, max-image-preview:large, max-video-preview:-1\" \/>\n<link rel=\"canonical\" href=\"https:\/\/camprubijardins.com\/ca\/paisajismo\/\" \/>\n<meta property=\"og:locale\" content=\"ca_ES\" \/>\n<meta property=\"og:type\" content=\"article\" \/>\n<meta property=\"og:title\" content=\"Paisajismo - Vivers Camp-Rub\u00ed\" \/>\n<meta property=\"og:description\" content=\"Paisajismo Transformando espacios m\u00e1s all\u00e1 del jard\u00edn, una experiencia paisaj\u00edstica \u00fanica Como empresa apasionada por la jardiner\u00eda, reconocemos que el paisajismo no es simplemente la creaci\u00f3n de jardines, sino una verdadera forma de expresi\u00f3n. En nuestra filosof\u00eda se encuentra la convicci\u00f3n de que los espacios al aire libre son mucho m\u00e1s que \u00e1reas verdes, son [&hellip;]\" \/>\n<meta property=\"og:url\" content=\"https:\/\/camprubijardins.com\/ca\/paisajismo\/\" \/>\n<meta property=\"og:site_name\" content=\"Vivers Camp-Rub\u00ed\" \/>\n<meta property=\"article:modified_time\" content=\"2024-03-25T09:35:13+00:00\" \/>\n<meta property=\"og:image\" content=\"https:\/\/camprubijardins.com\/wp-content\/uploads\/2024\/03\/Paisatgisme-1024x576.webp\" \/>\n<meta name=\"twitter:card\" content=\"summary_large_image\" \/>\n<meta name=\"twitter:label1\" content=\"Temps estimat de lectura\" \/>\n\t<meta name=\"twitter:data1\" content=\"2 minuts\" \/>\n<script type=\"application\/ld+json\" class=\"yoast-schema-graph\">{\"@context\":\"https:\/\/schema.org\",\"@graph\":[{\"@type\":\"WebPage\",\"@id\":\"https:\/\/camprubijardins.com\/paisajismo\/\",\"url\":\"https:\/\/camprubijardins.com\/paisajismo\/\",\"name\":\"Paisajismo - Vivers Camp-Rub\u00ed\",\"isPartOf\":{\"@id\":\"https:\/\/camprubijardins.com\/#website\"},\"primaryImageOfPage\":{\"@id\":\"https:\/\/camprubijardins.com\/paisajismo\/#primaryimage\"},\"image\":{\"@id\":\"https:\/\/camprubijardins.com\/paisajismo\/#primaryimage\"},\"thumbnailUrl\":\"https:\/\/camprubijardins.com\/wp-content\/uploads\/2024\/03\/Paisatgisme-1024x576.webp\",\"datePublished\":\"2024-03-06T21:28:02+00:00\",\"dateModified\":\"2024-03-25T09:35:13+00:00\",\"breadcrumb\":{\"@id\":\"https:\/\/camprubijardins.com\/paisajismo\/#breadcrumb\"},\"inLanguage\":\"ca\",\"potentialAction\":[{\"@type\":\"ReadAction\",\"target\":[\"https:\/\/camprubijardins.com\/paisajismo\/\"]}]},{\"@type\":\"ImageObject\",\"inLanguage\":\"ca\",\"@id\":\"https:\/\/camprubijardins.com\/paisajismo\/#primaryimage\",\"url\":\"https:\/\/camprubijardins.com\/wp-content\/uploads\/2024\/03\/Paisatgisme-1024x576.webp\",\"contentUrl\":\"https:\/\/camprubijardins.com\/wp-content\/uploads\/2024\/03\/Paisatgisme-1024x576.webp\"},{\"@type\":\"BreadcrumbList\",\"@id\":\"https:\/\/camprubijardins.com\/paisajismo\/#breadcrumb\",\"itemListElement\":[{\"@type\":\"ListItem\",\"position\":1,\"name\":\"Portada\",\"item\":\"https:\/\/camprubijardins.com\/\"},{\"@type\":\"ListItem\",\"position\":2,\"name\":\"Paisajismo\"}]},{\"@type\":\"WebSite\",\"@id\":\"https:\/\/camprubijardins.com\/#website\",\"url\":\"https:\/\/camprubijardins.com\/\",\"name\":\"Vivers camp-rubi\",\"description\":\"\",\"publisher\":{\"@id\":\"https:\/\/camprubijardins.com\/#organization\"},\"potentialAction\":[{\"@type\":\"SearchAction\",\"target\":{\"@type\":\"EntryPoint\",\"urlTemplate\":\"https:\/\/camprubijardins.com\/?s={search_term_string}\"},\"query-input\":{\"@type\":\"PropertyValueSpecification\",\"valueRequired\":true,\"valueName\":\"search_term_string\"}}],\"inLanguage\":\"ca\"},{\"@type\":\"Organization\",\"@id\":\"https:\/\/camprubijardins.com\/#organization\",\"name\":\"Vivers camp-rubi\",\"url\":\"https:\/\/camprubijardins.com\/\",\"logo\":{\"@type\":\"ImageObject\",\"inLanguage\":\"ca\",\"@id\":\"https:\/\/camprubijardins.com\/#\/schema\/logo\/image\/\",\"url\":\"https:\/\/camprubijardins.com\/wp-content\/uploads\/2024\/03\/1-1.png\",\"contentUrl\":\"https:\/\/camprubijardins.com\/wp-content\/uploads\/2024\/03\/1-1.png\",\"width\":1920,\"height\":1080,\"caption\":\"Vivers camp-rubi\"},\"image\":{\"@id\":\"https:\/\/camprubijardins.com\/#\/schema\/logo\/image\/\"}}]}<\/script>\n<!-- \/ Yoast SEO plugin. -->","yoast_head_json":{"title":"Paisajismo - Vivers Camp-Rub\u00ed","robots":{"index":"index","follow":"follow","max-snippet":"max-snippet:-1","max-image-preview":"max-image-preview:large","max-video-preview":"max-video-preview:-1"},"canonical":"https:\/\/camprubijardins.com\/ca\/paisajismo\/","og_locale":"ca_ES","og_type":"article","og_title":"Paisajismo - Vivers Camp-Rub\u00ed","og_description":"Paisajismo Transformando espacios m\u00e1s all\u00e1 del jard\u00edn, una experiencia paisaj\u00edstica \u00fanica Como empresa apasionada por la jardiner\u00eda, reconocemos que el paisajismo no es simplemente la creaci\u00f3n de jardines, sino una verdadera forma de expresi\u00f3n. En nuestra filosof\u00eda se encuentra la convicci\u00f3n de que los espacios al aire libre son mucho m\u00e1s que \u00e1reas verdes, son [&hellip;]","og_url":"https:\/\/camprubijardins.com\/ca\/paisajismo\/","og_site_name":"Vivers Camp-Rub\u00ed","article_modified_time":"2024-03-25T09:35:13+00:00","og_image":[{"url":"https:\/\/camprubijardins.com\/wp-content\/uploads\/2024\/03\/Paisatgisme-1024x576.webp","type":"","width":"","height":""}],"twitter_card":"summary_large_image","twitter_misc":{"Temps estimat de lectura":"2 minuts"},"schema":{"@context":"https:\/\/schema.org","@graph":[{"@type":"WebPage","@id":"https:\/\/camprubijardins.com\/paisajismo\/","url":"https:\/\/camprubijardins.com\/paisajismo\/","name":"Paisajismo - Vivers Camp-Rub\u00ed","isPartOf":{"@id":"https:\/\/camprubijardins.com\/#website"},"primaryImageOfPage":{"@id":"https:\/\/camprubijardins.com\/paisajismo\/#primaryimage"},"image":{"@id":"https:\/\/camprubijardins.com\/paisajismo\/#primaryimage"},"thumbnailUrl":"https:\/\/camprubijardins.com\/wp-content\/uploads\/2024\/03\/Paisatgisme-1024x576.webp","datePublished":"2024-03-06T21:28:02+00:00","dateModified":"2024-03-25T09:35:13+00:00","breadcrumb":{"@id":"https:\/\/camprubijardins.com\/paisajismo\/#breadcrumb"},"inLanguage":"ca","potentialAction":[{"@type":"ReadAction","target":["https:\/\/camprubijardins.com\/paisajismo\/"]}]},{"@type":"ImageObject","inLanguage":"ca","@id":"https:\/\/camprubijardins.com\/paisajismo\/#primaryimage","url":"https:\/\/camprubijardins.com\/wp-content\/uploads\/2024\/03\/Paisatgisme-1024x576.webp","contentUrl":"https:\/\/camprubijardins.com\/wp-content\/uploads\/2024\/03\/Paisatgisme-1024x576.webp"},{"@type":"BreadcrumbList","@id":"https:\/\/camprubijardins.com\/paisajismo\/#breadcrumb","itemListElement":[{"@type":"ListItem","position":1,"name":"Portada","item":"https:\/\/camprubijardins.com\/"},{"@type":"ListItem","position":2,"name":"Paisajismo"}]},{"@type":"WebSite","@id":"https:\/\/camprubijardins.com\/#website","url":"https:\/\/camprubijardins.com\/","name":"Vivers camp-rubi","description":"","publisher":{"@id":"https:\/\/camprubijardins.com\/#organization"},"potentialAction":[{"@type":"SearchAction","target":{"@type":"EntryPoint","urlTemplate":"https:\/\/camprubijardins.com\/?s={search_term_string}"},"query-input":{"@type":"PropertyValueSpecification","valueRequired":true,"valueName":"search_term_string"}}],"inLanguage":"ca"},{"@type":"Organization","@id":"https:\/\/camprubijardins.com\/#organization","name":"Vivers camp-rubi","url":"https:\/\/camprubijardins.com\/","logo":{"@type":"ImageObject","inLanguage":"ca","@id":"https:\/\/camprubijardins.com\/#\/schema\/logo\/image\/","url":"https:\/\/camprubijardins.com\/wp-content\/uploads\/2024\/03\/1-1.png","contentUrl":"https:\/\/camprubijardins.com\/wp-content\/uploads\/2024\/03\/1-1.png","width":1920,"height":1080,"caption":"Vivers camp-rubi"},"image":{"@id":"https:\/\/camprubijardins.com\/#\/schema\/logo\/image\/"}}]}},"_links":{"self":[{"href":"https:\/\/camprubijardins.com\/ca\/wp-json\/wp\/v2\/pages\/291","targetHints":{"allow":["GET"]}}],"collection":[{"href":"https:\/\/camprubijardins.com\/ca\/wp-json\/wp\/v2\/pages"}],"about":[{"href":"https:\/\/camprubijardins.com\/ca\/wp-json\/wp\/v2\/types\/page"}],"author":[{"embeddable":true,"href":"https:\/\/camprubijardins.com\/ca\/wp-json\/wp\/v2\/users\/1"}],"replies":[{"embeddable":true,"href":"https:\/\/camprubijardins.com\/ca\/wp-json\/wp\/v2\/comments?post=291"}],"version-history":[{"count":133,"href":"https:\/\/camprubijardins.com\/ca\/wp-json\/wp\/v2\/pages\/291\/revisions"}],"predecessor-version":[{"id":1181,"href":"https:\/\/camprubijardins.com\/ca\/wp-json\/wp\/v2\/pages\/291\/revisions\/1181"}],"wp:attachment":[{"href":"https:\/\/camprubijardins.com\/ca\/wp-json\/wp\/v2\/media?parent=291"}],"curies":[{"name":"wp","href":"https:\/\/api.w.org\/{rel}","templated":true}]}}